{"id":1523,"date":"2020-07-28T15:33:08","date_gmt":"2020-07-28T19:33:08","guid":{"rendered":"https:\/\/ignitehumanpotential.coach\/entreprise\/the-resilience-advantage\/"},"modified":"2026-01-28T15:08:09","modified_gmt":"2026-01-28T20:08:09","slug":"coherence-advantage-pour-les-groupes","status":"publish","type":"page","link":"https:\/\/ignitehumanpotential.coach\/fr\/services-aux-entreprises\/coherence-advantage-pour-les-groupes\/","title":{"rendered":"Coherence Advantage\u2122 (Pour les groupes)"},"content":{"rendered":"\t\t<div data-elementor-type=\"wp-page\" data-elementor-id=\"1523\" class=\"elementor elementor-1523 elementor-1309\" data-elementor-post-type=\"page\">\n\t\t\t\t\t\t<section class=\"elementor-section elementor-top-section elementor-element elementor-element-646fd15 elementor-section-full_width elementor-section-height-default elementor-section-height-default\" data-id=\"646fd15\" data-element_type=\"section\">\n\t\t\t\t\t\t<div class=\"elementor-container elementor-column-gap-default\">\n\t\t\t\t\t<div class=\"elementor-column elementor-col-100 elementor-top-column elementor-element elementor-element-6a4f2f53\" data-id=\"6a4f2f53\" data-element_type=\"column\">\n\t\t\t<div class=\"elementor-widget-wrap elementor-element-populated\">\n\t\t\t\t\t\t<div class=\"elementor-element elementor-element-6f97d84f elementor-widget elementor-widget-html\" data-id=\"6f97d84f\" data-element_type=\"widget\" data-widget_type=\"html.default\">\n\t\t\t\t<div class=\"elementor-widget-container\">\n\t\t\t\t\t<div class=\"other-pages-title\">Coherence Advantage\u2122 <span style=\"font-family: 'noir_proregular' !important;font-weight: 700;font-size: 24px;\r\n    color: #383738;letter-spacing: 1.2px;display:block;\"><em>(Version r\u00e9vis\u00e9e de Avantage de la r\u00e9silience)<\/em><\/span><\/div>\t\t\t\t<\/div>\n\t\t\t\t<\/div>\n\t\t\t\t\t<\/div>\n\t\t<\/div>\n\t\t\t\t\t<\/div>\n\t\t<\/section>\n\t\t\t\t<section class=\"elementor-section elementor-top-section elementor-element elementor-element-5bb37df5 elementor-section-full_width elementor-section-height-default elementor-section-height-default\" data-id=\"5bb37df5\" data-element_type=\"section\">\n\t\t\t\t\t\t<div class=\"elementor-container elementor-column-gap-default\">\n\t\t\t\t\t<div class=\"elementor-column elementor-col-100 elementor-top-column elementor-element elementor-element-4fb0e97a\" data-id=\"4fb0e97a\" data-element_type=\"column\">\n\t\t\t<div class=\"elementor-widget-wrap elementor-element-populated\">\n\t\t\t\t\t\t<section class=\"elementor-section elementor-inner-section elementor-element elementor-element-38b2a978 elementor-section-full_width elementor-section-height-default elementor-section-height-default\" data-id=\"38b2a978\" data-element_type=\"section\">\n\t\t\t\t\t\t<div class=\"elementor-container elementor-column-gap-default\">\n\t\t\t\t\t<div class=\"elementor-column elementor-col-50 elementor-inner-column elementor-element elementor-element-5abd5c2d\" data-id=\"5abd5c2d\" data-element_type=\"column\">\n\t\t\t<div class=\"elementor-widget-wrap elementor-element-populated\">\n\t\t\t\t\t\t<div class=\"elementor-element elementor-element-49119d86 elementor-widget elementor-widget-video\" data-id=\"49119d86\" data-element_type=\"widget\" data-settings=\"{&quot;youtube_url&quot;:&quot;https:\\\/\\\/youtu.be\\\/cP9VnYoT_xE&quot;,&quot;show_image_overlay&quot;:&quot;yes&quot;,&quot;image_overlay&quot;:{&quot;url&quot;:&quot;https:\\\/\\\/ignitehumanpotential.coach\\\/wp-content\\\/uploads\\\/2020\\\/11\\\/still-image-corporate.png&quot;,&quot;id&quot;:1626,&quot;size&quot;:&quot;&quot;},&quot;video_type&quot;:&quot;youtube&quot;,&quot;controls&quot;:&quot;yes&quot;}\" data-widget_type=\"video.default\">\n\t\t\t\t<div class=\"elementor-widget-container\">\n\t\t\t\t\t\t\t<div class=\"elementor-wrapper elementor-open-inline\">\n\t\t\t<div class=\"elementor-video\"><\/div>\t\t\t\t<div class=\"elementor-custom-embed-image-overlay\" style=\"background-image: url(https:\/\/ignitehumanpotential.coach\/wp-content\/uploads\/2020\/11\/still-image-corporate.png);\">\n\t\t\t\t\t\t\t\t\t\t\t\t\t\t\t\t<div class=\"elementor-custom-embed-play\" role=\"button\" aria-label=\"Lire la vid\u00e9o\" tabindex=\"0\">\n\t\t\t\t\t\t\t<i aria-hidden=\"true\" class=\"eicon-play\"><\/i>\t\t\t\t\t\t<\/div>\n\t\t\t\t\t\t\t\t\t<\/div>\n\t\t\t\t\t<\/div>\n\t\t\t\t\t\t<\/div>\n\t\t\t\t<\/div>\n\t\t\t\t<div class=\"elementor-element elementor-element-5158a95 tra-left-quote elementor-widget elementor-widget-html\" data-id=\"5158a95\" data-element_type=\"widget\" data-widget_type=\"html.default\">\n\t\t\t\t<div class=\"elementor-widget-container\">\n\t\t\t\t\t<p style=\"text-align: center;\">La r\u00e9silience est d\u00e9finie comme: <br>\u00ab la capacit\u00e9 \u00e0 se pr\u00e9parer,<br>\u00e0 r\u00e9cup\u00e9rer, et \u00e0 s'adapter<br>au stress, aux \u00e9preuves<br>et \u00e0 l\u2019adversit\u00e9. \u00bb<br>\u2014<br><span class=\"rec-left-quote-span\">INSTITUT HEARTMATH<sup>\u00ae<\/sup><\/span><\/p>\t\t\t\t<\/div>\n\t\t\t\t<\/div>\n\t\t\t\t<div class=\"elementor-element elementor-element-3fb2dfec tra-left-box elementor-widget elementor-widget-html\" data-id=\"3fb2dfec\" data-element_type=\"widget\" data-widget_type=\"html.default\">\n\t\t\t\t<div class=\"elementor-widget-container\">\n\t\t\t\t\t<p><strong>Bienfaits<\/strong><\/p>\r\n<p>\u00c0 la suite des \u00e9valuations de la qualit\u00e9 individuelle et organisationnelle effectu\u00e9es avant et apr\u00e8s le programme, nous observons des am\u00e9liorations dans :<\/p>\r\n<ul>\r\n\t<li>La communication.<\/li>\r\n\t<li>Le travail d\u2019\u00e9quipe.<\/li>\r\n\t<li>La satisfaction des employ\u00e9s.<\/li>\r\n\t<li>La r\u00e9tention du personnel.\r\n\t<\/li><li>La r\u00e9duction des co\u00fbts des indemnit\u00e9s de maladie et des soins de sant\u00e9.<\/li>\r\n<\/ul>\r\n<p>Ces progr\u00e8s contribuent \u00e0 am\u00e9liorer les performances, la productivit\u00e9 et le retour sur investissement.<\/p>\r\n<p>Les autres avantages personnels d\u00e9clar\u00e9s comprennent :<\/p>\r\n<img decoding=\"async\" src=\"https:\/\/ignitehumanpotential.coach\/wp-content\/uploads\/2020\/10\/tra-measured-benefits-fr-new.png\">\r\n<p style=\"text-align:right;font-size:14px;margin-right:15px;margin-bottom:0px !important;padding-bottom:0px !important;\">Copyright Institut HeartMath<sup>\u00ae<\/sup><\/p>\t\t\t\t<\/div>\n\t\t\t\t<\/div>\n\t\t\t\t\t<\/div>\n\t\t<\/div>\n\t\t\t\t<div class=\"elementor-column elementor-col-50 elementor-inner-column elementor-element elementor-element-4bc9dd7f res-workshop-right\" data-id=\"4bc9dd7f\" data-element_type=\"column\">\n\t\t\t<div class=\"elementor-widget-wrap elementor-element-populated\">\n\t\t\t\t\t\t<div class=\"elementor-element elementor-element-cbeacb4 elementor-widget elementor-widget-html\" data-id=\"cbeacb4\" data-element_type=\"widget\" data-widget_type=\"html.default\">\n\t\t\t\t<div class=\"elementor-widget-container\">\n\t\t\t\t\t<div class=\"tra-top-right\" style=\"padding-left: 0px;\">\n<img decoding=\"async\" style=\"display:none;padding-bottom:25px;margin-right:45px;\" src=\"https:\/\/ignitehumanpotential.coach\/wp-content\/uploads\/2020\/10\/8-hours-fr.png\">\n<h2>D\u00e9velopper des comp\u00e9tences de r\u00e9silience pour atteindre un rendement optimal<\/h2>\n<\/div>\t\t\t\t<\/div>\n\t\t\t\t<\/div>\n\t\t\t\t<div class=\"elementor-element elementor-element-561e4f49 res-workshop-right-box elementor-widget elementor-widget-html\" data-id=\"561e4f49\" data-element_type=\"widget\" data-widget_type=\"html.default\">\n\t\t\t\t<div class=\"elementor-widget-container\">\n\t\t\t\t\t<div class=\"res-workshop-right-paragraphs\">\n\t<h2>Objectifs<\/h2>\n\t<p>D\u00e9velopper des comp\u00e9tences de r\u00e9silience pour faire des choix \u00e9clair\u00e9s, atteindre un rendement optimal et soutenir des actions innovantes chez les personnes et les \u00e9quipes gr\u00e2ce \u00e0 des outils, des techniques, des meilleures pratiques et des technologies simples et scientifiquement valid\u00e9es.<\/p>\n<\/div>\n<div class=\"res-workshop-right-paragraphs\">\n\t<h2>Caract\u00e9ristiques<\/h2>\n\t\n\t<ul>\n\t<li>Pour des \u00e9quipes de 10 \u00e0 30 personnes. <\/li>\n\t<li><\/li>\n\t<li>Une \u00e9valuation de la qualit\u00e9 personnelle et organisationnelle est effectu\u00e9e avant et apr\u00e8s la formation pour mesurer l\u2019impact et les r\u00e9sultats du programme.<\/li>\n\t<li>Les modules de formation sont dispens\u00e9s sous forme d\u2019ateliers de plusieurs jours ou d\u2019un programme hebdomadaire, selon les besoins de l\u2019entreprise.<\/li>\n\t<li>Interactif et participatif dans le style.<\/li>\n\t<li>Enseign\u00e9 en classe ou de fa\u00e7on virtuelle.<\/li>\n<\/ul>\n\t\n\t<p>Dans le cadre de ce programme, vous recevrez les technologies brevet\u00e9es <strong>emWave<sup>\u00ae<\/sup><\/strong> ou <strong>Inner Balance<sup>\u2122<\/sup><\/strong>.<\/p>\n\t<p>Ces produits sont des capteurs qui vous apprennent \u00e0 passer du stress et de la frustration vers l\u2019\u00e9quilibre et la r\u00e9silience gr\u00e2ce \u00e0 une r\u00e9troaction en temps r\u00e9el, bas\u00e9e sur vos propres rythmes cardiaques.<\/p><p><strong><a href=\"https:\/\/ignitehumanpotential.coach\/products\/fr\/produits\/\">Visitez la page Produits pour une description compl\u00e8te.<\/a><\/strong><\/p>\n<\/div>\t\t\t\t<\/div>\n\t\t\t\t<\/div>\n\t\t\t\t<div class=\"elementor-element elementor-element-532968a elementor-align-justify elementor-widget elementor-widget-button\" data-id=\"532968a\" data-element_type=\"widget\" data-widget_type=\"button.default\">\n\t\t\t\t<div class=\"elementor-widget-container\">\n\t\t\t\t\t\t\t\t\t<div class=\"elementor-button-wrapper\">\n\t\t\t\t\t<a class=\"elementor-button elementor-button-link elementor-size-lg\" href=\"https:\/\/ignitehumanpotential.coach\/fr\/appel-de-decouverte\/\" id=\"dream-third-button\">\n\t\t\t\t\t\t<span class=\"elementor-button-content-wrapper\">\n\t\t\t\t\t\t\t\t\t<span class=\"elementor-button-text\">R\u00e9servez une session de d\u00e9couverte ici<span class=\"home-button-arrow\">\u27f6<\/span><\/span>\n\t\t\t\t\t<\/span>\n\t\t\t\t\t<\/a>\n\t\t\t\t<\/div>\n\t\t\t\t\t\t\t\t<\/div>\n\t\t\t\t<\/div>\n\t\t\t\t<div class=\"elementor-element elementor-element-8412c56 elementor-align-justify elementor-hidden-desktop elementor-hidden-tablet elementor-hidden-mobile elementor-widget elementor-widget-button\" data-id=\"8412c56\" data-element_type=\"widget\" data-widget_type=\"button.default\">\n\t\t\t\t<div class=\"elementor-widget-container\">\n\t\t\t\t\t\t\t\t\t<div class=\"elementor-button-wrapper\">\n\t\t\t\t\t<a class=\"elementor-button elementor-button-link elementor-size-lg\" href=\"\/download\/1570\/\" target=\"_blank\" id=\"dream-third-button\">\n\t\t\t\t\t\t<span class=\"elementor-button-content-wrapper\">\n\t\t\t\t\t\t\t\t\t<span class=\"elementor-button-text\">CURRICULUM ABR\u00c9G\u00c9<span class=\"dream-detailed-button-arrow\">\u27f6<\/span><\/span>\n\t\t\t\t\t<\/span>\n\t\t\t\t\t<\/a>\n\t\t\t\t<\/div>\n\t\t\t\t\t\t\t\t<\/div>\n\t\t\t\t<\/div>\n\t\t\t\t<div class=\"elementor-element elementor-element-1647c009 tra-spirale elementor-widget elementor-widget-image\" data-id=\"1647c009\" data-element_type=\"widget\" data-widget_type=\"image.default\">\n\t\t\t\t<div class=\"elementor-widget-container\">\n\t\t\t\t\t\t\t\t\t\t\t\t\t\t\t<img fetchpriority=\"high\" decoding=\"async\" width=\"916\" height=\"970\" src=\"https:\/\/ignitehumanpotential.coach\/wp-content\/uploads\/2020\/08\/tra-spirale-min.png\" class=\"attachment-full size-full wp-image-1350\" alt=\"\" srcset=\"https:\/\/ignitehumanpotential.coach\/wp-content\/uploads\/2020\/08\/tra-spirale-min.png 916w, https:\/\/ignitehumanpotential.coach\/wp-content\/uploads\/2020\/08\/tra-spirale-min-283x300.png 283w, https:\/\/ignitehumanpotential.coach\/wp-content\/uploads\/2020\/08\/tra-spirale-min-768x813.png 768w\" sizes=\"(max-width: 916px) 100vw, 916px\" \/>\t\t\t\t\t\t\t\t\t\t\t\t\t\t\t<\/div>\n\t\t\t\t<\/div>\n\t\t\t\t<div class=\"elementor-element elementor-element-7445469 elementor-hidden-desktop elementor-hidden-tablet elementor-hidden-mobile elementor-widget elementor-widget-html\" data-id=\"7445469\" data-element_type=\"widget\" data-widget_type=\"html.default\">\n\t\t\t\t<div class=\"elementor-widget-container\">\n\t\t\t\t\t<div class=\"tra-box-en\">\n    <a href=\"https:\/\/ignitehumanpotential.coach\/fr\/contact\/\">Communiquez avec moi<br>pour organiser un<br>appel de pr\u00e9sentation!<\/a>\n    <\/div>\t\t\t\t<\/div>\n\t\t\t\t<\/div>\n\t\t\t\t<div class=\"elementor-element elementor-element-cb1153c tra-bottom-image elementor-widget elementor-widget-image\" data-id=\"cb1153c\" data-element_type=\"widget\" data-widget_type=\"image.default\">\n\t\t\t\t<div class=\"elementor-widget-container\">\n\t\t\t\t\t\t\t\t\t\t\t\t\t\t\t<img decoding=\"async\" width=\"919\" height=\"613\" src=\"https:\/\/ignitehumanpotential.coach\/wp-content\/uploads\/2020\/08\/aht-bottom-right-image-min.png\" class=\"attachment-large size-large wp-image-1398\" alt=\"\" srcset=\"https:\/\/ignitehumanpotential.coach\/wp-content\/uploads\/2020\/08\/aht-bottom-right-image-min.png 919w, https:\/\/ignitehumanpotential.coach\/wp-content\/uploads\/2020\/08\/aht-bottom-right-image-min-300x200.png 300w, https:\/\/ignitehumanpotential.coach\/wp-content\/uploads\/2020\/08\/aht-bottom-right-image-min-768x512.png 768w\" sizes=\"(max-width: 919px) 100vw, 919px\" \/>\t\t\t\t\t\t\t\t\t\t\t\t\t\t\t<\/div>\n\t\t\t\t<\/div>\n\t\t\t\t\t<\/div>\n\t\t<\/div>\n\t\t\t\t\t<\/div>\n\t\t<\/section>\n\t\t\t\t<div class=\"elementor-element elementor-element-089a013 elementor-widget elementor-widget-html\" data-id=\"089a013\" data-element_type=\"widget\" data-widget_type=\"html.default\">\n\t\t\t\t<div class=\"elementor-widget-container\">\n\t\t\t\t\t<div class=\"heartmath-copyright-footer\">\n<p>HeartMath<sup>\u00ae<\/sup> est une marque enregistr\u00e9e de Quantum Intec, Inc. Pour toutes les marques enregistr\u00e9es de HeartMath<sup>\u00ae<\/sup> visitez le site <a href=\"https:\/\/www.heartmath.com\/trademarks\/\" target=\"_blank\">heartmath.com\/trademarks<\/a>.<\/p>\n<\/div>\t\t\t\t<\/div>\n\t\t\t\t<\/div>\n\t\t\t\t\t<\/div>\n\t\t<\/div>\n\t\t\t\t\t<\/div>\n\t\t<\/section>\n\t\t\t\t<\/div>\n\t\t","protected":false},"excerpt":{"rendered":"<p>Coherence Advantage\u2122 (Version r\u00e9vis\u00e9e de Avantage de la r\u00e9silience) La r\u00e9silience est d\u00e9finie comme: \u00ab la capacit\u00e9 \u00e0 se pr\u00e9parer,\u00e0 r\u00e9cup\u00e9rer, et \u00e0 s&#8217;adapterau stress, aux \u00e9preuveset \u00e0 l\u2019adversit\u00e9. \u00bb\u2014INSTITUT HEARTMATH\u00ae Bienfaits \u00c0 la suite des \u00e9valuations de la qualit\u00e9 individuelle et organisationnelle effectu\u00e9es avant et apr\u00e8s le programme, nous observons des am\u00e9liorations dans : [&hellip;]<\/p>\n","protected":false},"author":5,"featured_media":0,"parent":55,"menu_order":0,"comment_status":"closed","ping_status":"closed","template":"elementor_header_footer","meta":{"_genesis_hide_title":false,"_genesis_hide_breadcrumbs":false,"_genesis_hide_singular_image":false,"_genesis_hide_footer_widgets":false,"_genesis_custom_body_class":"","_genesis_custom_post_class":"","_genesis_layout":"","footnotes":""},"class_list":{"0":"post-1523","1":"page","2":"type-page","3":"status-publish","5":"entry","6":"has-post-thumbnail"},"yoast_head":"<!-- This site is optimized with the Yoast SEO plugin v26.7 - https:\/\/yoast.com\/wordpress\/plugins\/seo\/ -->\n<title>Coherence Advantage\u2122 (Pour les groupes) - Ignite Human Potential - Maryl\u00e8ne Ayotte<\/title>\n<meta name=\"robots\" content=\"index, follow, max-snippet:-1, max-image-preview:large, max-video-preview:-1\" \/>\n<link rel=\"canonical\" href=\"https:\/\/ignitehumanpotential.coach\/fr\/services-aux-entreprises\/coherence-advantage-pour-les-groupes\/\" \/>\n<meta property=\"og:locale\" content=\"fr_FR\" \/>\n<meta property=\"og:type\" content=\"article\" \/>\n<meta property=\"og:title\" content=\"Coherence Advantage\u2122 (Pour les groupes) - Ignite Human Potential - Maryl\u00e8ne Ayotte\" \/>\n<meta property=\"og:description\" content=\"Coherence Advantage\u2122 (Version r\u00e9vis\u00e9e de Avantage de la r\u00e9silience) La r\u00e9silience est d\u00e9finie comme: \u00ab la capacit\u00e9 \u00e0 se pr\u00e9parer,\u00e0 r\u00e9cup\u00e9rer, et \u00e0 s&#8217;adapterau stress, aux \u00e9preuveset \u00e0 l\u2019adversit\u00e9. \u00bb\u2014INSTITUT HEARTMATH\u00ae Bienfaits \u00c0 la suite des \u00e9valuations de la qualit\u00e9 individuelle et organisationnelle effectu\u00e9es avant et apr\u00e8s le programme, nous observons des am\u00e9liorations dans : [&hellip;]\" \/>\n<meta property=\"og:url\" content=\"https:\/\/ignitehumanpotential.coach\/fr\/services-aux-entreprises\/coherence-advantage-pour-les-groupes\/\" \/>\n<meta property=\"og:site_name\" content=\"Ignite Human Potential - Maryl\u00e8ne Ayotte\" \/>\n<meta property=\"article:modified_time\" content=\"2026-01-28T20:08:09+00:00\" \/>\n<meta property=\"og:image\" content=\"https:\/\/ignitehumanpotential.coach\/wp-content\/uploads\/2020\/10\/tra-measured-benefits-fr-new.png\" \/>\n<meta name=\"twitter:card\" content=\"summary_large_image\" \/>\n<meta name=\"twitter:label1\" content=\"Dur\u00e9e de lecture estim\u00e9e\" \/>\n\t<meta name=\"twitter:data1\" content=\"3 minutes\" \/>\n<script type=\"application\/ld+json\" class=\"yoast-schema-graph\">{\"@context\":\"https:\/\/schema.org\",\"@graph\":[{\"@type\":\"WebPage\",\"@id\":\"https:\/\/ignitehumanpotential.coach\/fr\/services-aux-entreprises\/coherence-advantage-pour-les-groupes\/\",\"url\":\"https:\/\/ignitehumanpotential.coach\/fr\/services-aux-entreprises\/coherence-advantage-pour-les-groupes\/\",\"name\":\"Coherence Advantage\u2122 (Pour les groupes) - Ignite Human Potential - Maryl\u00e8ne Ayotte\",\"isPartOf\":{\"@id\":\"https:\/\/ignitehumanpotential.coach\/fr\/#website\"},\"primaryImageOfPage\":{\"@id\":\"https:\/\/ignitehumanpotential.coach\/fr\/services-aux-entreprises\/coherence-advantage-pour-les-groupes\/#primaryimage\"},\"image\":{\"@id\":\"https:\/\/ignitehumanpotential.coach\/fr\/services-aux-entreprises\/coherence-advantage-pour-les-groupes\/#primaryimage\"},\"thumbnailUrl\":\"https:\/\/ignitehumanpotential.coach\/wp-content\/uploads\/2020\/10\/tra-measured-benefits-fr-new.png\",\"datePublished\":\"2020-07-28T19:33:08+00:00\",\"dateModified\":\"2026-01-28T20:08:09+00:00\",\"breadcrumb\":{\"@id\":\"https:\/\/ignitehumanpotential.coach\/fr\/services-aux-entreprises\/coherence-advantage-pour-les-groupes\/#breadcrumb\"},\"inLanguage\":\"fr-FR\",\"potentialAction\":[{\"@type\":\"ReadAction\",\"target\":[\"https:\/\/ignitehumanpotential.coach\/fr\/services-aux-entreprises\/coherence-advantage-pour-les-groupes\/\"]}]},{\"@type\":\"ImageObject\",\"inLanguage\":\"fr-FR\",\"@id\":\"https:\/\/ignitehumanpotential.coach\/fr\/services-aux-entreprises\/coherence-advantage-pour-les-groupes\/#primaryimage\",\"url\":\"https:\/\/ignitehumanpotential.coach\/wp-content\/uploads\/2020\/10\/tra-measured-benefits-fr-new.png\",\"contentUrl\":\"https:\/\/ignitehumanpotential.coach\/wp-content\/uploads\/2020\/10\/tra-measured-benefits-fr-new.png\"},{\"@type\":\"BreadcrumbList\",\"@id\":\"https:\/\/ignitehumanpotential.coach\/fr\/services-aux-entreprises\/coherence-advantage-pour-les-groupes\/#breadcrumb\",\"itemListElement\":[{\"@type\":\"ListItem\",\"position\":1,\"name\":\"Home\",\"item\":\"https:\/\/ignitehumanpotential.coach\/fr\/\"},{\"@type\":\"ListItem\",\"position\":2,\"name\":\"Services aux entreprises\",\"item\":\"https:\/\/ignitehumanpotential.coach\/fr\/services-aux-entreprises\/\"},{\"@type\":\"ListItem\",\"position\":3,\"name\":\"Coherence Advantage\u2122 (Pour les groupes)\"}]},{\"@type\":\"WebSite\",\"@id\":\"https:\/\/ignitehumanpotential.coach\/fr\/#website\",\"url\":\"https:\/\/ignitehumanpotential.coach\/fr\/\",\"name\":\"Ignite Human Potential - Maryl\u00e8ne Ayotte\",\"description\":\"\",\"publisher\":{\"@id\":\"https:\/\/ignitehumanpotential.coach\/fr\/#organization\"},\"potentialAction\":[{\"@type\":\"SearchAction\",\"target\":{\"@type\":\"EntryPoint\",\"urlTemplate\":\"https:\/\/ignitehumanpotential.coach\/fr\/?s={search_term_string}\"},\"query-input\":{\"@type\":\"PropertyValueSpecification\",\"valueRequired\":true,\"valueName\":\"search_term_string\"}}],\"inLanguage\":\"fr-FR\"},{\"@type\":\"Organization\",\"@id\":\"https:\/\/ignitehumanpotential.coach\/fr\/#organization\",\"name\":\"Ignite Human Potential - Maryl\u00e8ne Ayotte\",\"url\":\"https:\/\/ignitehumanpotential.coach\/fr\/\",\"logo\":{\"@type\":\"ImageObject\",\"inLanguage\":\"fr-FR\",\"@id\":\"https:\/\/ignitehumanpotential.coach\/fr\/#\/schema\/logo\/image\/\",\"url\":\"https:\/\/ignitehumanpotential.coach\/wp-content\/uploads\/2020\/02\/MAAlogoHIRES.png\",\"contentUrl\":\"https:\/\/ignitehumanpotential.coach\/wp-content\/uploads\/2020\/02\/MAAlogoHIRES.png\",\"width\":3179,\"height\":769,\"caption\":\"Ignite Human Potential - Maryl\u00e8ne Ayotte\"},\"image\":{\"@id\":\"https:\/\/ignitehumanpotential.coach\/fr\/#\/schema\/logo\/image\/\"}}]}<\/script>\n<!-- \/ Yoast SEO plugin. -->","yoast_head_json":{"title":"Coherence Advantage\u2122 (Pour les groupes) - Ignite Human Potential - Maryl\u00e8ne Ayotte","robots":{"index":"index","follow":"follow","max-snippet":"max-snippet:-1","max-image-preview":"max-image-preview:large","max-video-preview":"max-video-preview:-1"},"canonical":"https:\/\/ignitehumanpotential.coach\/fr\/services-aux-entreprises\/coherence-advantage-pour-les-groupes\/","og_locale":"fr_FR","og_type":"article","og_title":"Coherence Advantage\u2122 (Pour les groupes) - Ignite Human Potential - Maryl\u00e8ne Ayotte","og_description":"Coherence Advantage\u2122 (Version r\u00e9vis\u00e9e de Avantage de la r\u00e9silience) La r\u00e9silience est d\u00e9finie comme: \u00ab la capacit\u00e9 \u00e0 se pr\u00e9parer,\u00e0 r\u00e9cup\u00e9rer, et \u00e0 s&#8217;adapterau stress, aux \u00e9preuveset \u00e0 l\u2019adversit\u00e9. \u00bb\u2014INSTITUT HEARTMATH\u00ae Bienfaits \u00c0 la suite des \u00e9valuations de la qualit\u00e9 individuelle et organisationnelle effectu\u00e9es avant et apr\u00e8s le programme, nous observons des am\u00e9liorations dans : [&hellip;]","og_url":"https:\/\/ignitehumanpotential.coach\/fr\/services-aux-entreprises\/coherence-advantage-pour-les-groupes\/","og_site_name":"Ignite Human Potential - Maryl\u00e8ne Ayotte","article_modified_time":"2026-01-28T20:08:09+00:00","og_image":[{"url":"https:\/\/ignitehumanpotential.coach\/wp-content\/uploads\/2020\/10\/tra-measured-benefits-fr-new.png","type":"","width":"","height":""}],"twitter_card":"summary_large_image","twitter_misc":{"Dur\u00e9e de lecture estim\u00e9e":"3 minutes"},"schema":{"@context":"https:\/\/schema.org","@graph":[{"@type":"WebPage","@id":"https:\/\/ignitehumanpotential.coach\/fr\/services-aux-entreprises\/coherence-advantage-pour-les-groupes\/","url":"https:\/\/ignitehumanpotential.coach\/fr\/services-aux-entreprises\/coherence-advantage-pour-les-groupes\/","name":"Coherence Advantage\u2122 (Pour les groupes) - Ignite Human Potential - Maryl\u00e8ne Ayotte","isPartOf":{"@id":"https:\/\/ignitehumanpotential.coach\/fr\/#website"},"primaryImageOfPage":{"@id":"https:\/\/ignitehumanpotential.coach\/fr\/services-aux-entreprises\/coherence-advantage-pour-les-groupes\/#primaryimage"},"image":{"@id":"https:\/\/ignitehumanpotential.coach\/fr\/services-aux-entreprises\/coherence-advantage-pour-les-groupes\/#primaryimage"},"thumbnailUrl":"https:\/\/ignitehumanpotential.coach\/wp-content\/uploads\/2020\/10\/tra-measured-benefits-fr-new.png","datePublished":"2020-07-28T19:33:08+00:00","dateModified":"2026-01-28T20:08:09+00:00","breadcrumb":{"@id":"https:\/\/ignitehumanpotential.coach\/fr\/services-aux-entreprises\/coherence-advantage-pour-les-groupes\/#breadcrumb"},"inLanguage":"fr-FR","potentialAction":[{"@type":"ReadAction","target":["https:\/\/ignitehumanpotential.coach\/fr\/services-aux-entreprises\/coherence-advantage-pour-les-groupes\/"]}]},{"@type":"ImageObject","inLanguage":"fr-FR","@id":"https:\/\/ignitehumanpotential.coach\/fr\/services-aux-entreprises\/coherence-advantage-pour-les-groupes\/#primaryimage","url":"https:\/\/ignitehumanpotential.coach\/wp-content\/uploads\/2020\/10\/tra-measured-benefits-fr-new.png","contentUrl":"https:\/\/ignitehumanpotential.coach\/wp-content\/uploads\/2020\/10\/tra-measured-benefits-fr-new.png"},{"@type":"BreadcrumbList","@id":"https:\/\/ignitehumanpotential.coach\/fr\/services-aux-entreprises\/coherence-advantage-pour-les-groupes\/#breadcrumb","itemListElement":[{"@type":"ListItem","position":1,"name":"Home","item":"https:\/\/ignitehumanpotential.coach\/fr\/"},{"@type":"ListItem","position":2,"name":"Services aux entreprises","item":"https:\/\/ignitehumanpotential.coach\/fr\/services-aux-entreprises\/"},{"@type":"ListItem","position":3,"name":"Coherence Advantage\u2122 (Pour les groupes)"}]},{"@type":"WebSite","@id":"https:\/\/ignitehumanpotential.coach\/fr\/#website","url":"https:\/\/ignitehumanpotential.coach\/fr\/","name":"Ignite Human Potential - Maryl\u00e8ne Ayotte","description":"","publisher":{"@id":"https:\/\/ignitehumanpotential.coach\/fr\/#organization"},"potentialAction":[{"@type":"SearchAction","target":{"@type":"EntryPoint","urlTemplate":"https:\/\/ignitehumanpotential.coach\/fr\/?s={search_term_string}"},"query-input":{"@type":"PropertyValueSpecification","valueRequired":true,"valueName":"search_term_string"}}],"inLanguage":"fr-FR"},{"@type":"Organization","@id":"https:\/\/ignitehumanpotential.coach\/fr\/#organization","name":"Ignite Human Potential - Maryl\u00e8ne Ayotte","url":"https:\/\/ignitehumanpotential.coach\/fr\/","logo":{"@type":"ImageObject","inLanguage":"fr-FR","@id":"https:\/\/ignitehumanpotential.coach\/fr\/#\/schema\/logo\/image\/","url":"https:\/\/ignitehumanpotential.coach\/wp-content\/uploads\/2020\/02\/MAAlogoHIRES.png","contentUrl":"https:\/\/ignitehumanpotential.coach\/wp-content\/uploads\/2020\/02\/MAAlogoHIRES.png","width":3179,"height":769,"caption":"Ignite Human Potential - Maryl\u00e8ne Ayotte"},"image":{"@id":"https:\/\/ignitehumanpotential.coach\/fr\/#\/schema\/logo\/image\/"}}]}},"_links":{"self":[{"href":"https:\/\/ignitehumanpotential.coach\/fr\/wp-json\/wp\/v2\/pages\/1523","targetHints":{"allow":["GET"]}}],"collection":[{"href":"https:\/\/ignitehumanpotential.coach\/fr\/wp-json\/wp\/v2\/pages"}],"about":[{"href":"https:\/\/ignitehumanpotential.coach\/fr\/wp-json\/wp\/v2\/types\/page"}],"author":[{"embeddable":true,"href":"https:\/\/ignitehumanpotential.coach\/fr\/wp-json\/wp\/v2\/users\/5"}],"replies":[{"embeddable":true,"href":"https:\/\/ignitehumanpotential.coach\/fr\/wp-json\/wp\/v2\/comments?post=1523"}],"version-history":[{"count":0,"href":"https:\/\/ignitehumanpotential.coach\/fr\/wp-json\/wp\/v2\/pages\/1523\/revisions"}],"up":[{"embeddable":true,"href":"https:\/\/ignitehumanpotential.coach\/fr\/wp-json\/wp\/v2\/pages\/55"}],"wp:attachment":[{"href":"https:\/\/ignitehumanpotential.coach\/fr\/wp-json\/wp\/v2\/media?parent=1523"}],"curies":[{"name":"wp","href":"https:\/\/api.w.org\/{rel}","templated":true}]}}