{"id":1524,"date":"2020-07-28T15:36:20","date_gmt":"2020-07-28T19:36:20","guid":{"rendered":"https:\/\/ignitehumanpotential.coach\/individuel\/building-personal-resilience\/"},"modified":"2020-11-23T09:23:19","modified_gmt":"2020-11-23T14:23:19","slug":"renforcer-la-resilience-personnelle","status":"publish","type":"page","link":"https:\/\/ignitehumanpotential.coach\/fr\/services-individuels\/renforcer-la-resilience-personnelle\/","title":{"rendered":"Renforcer la r\u00e9silience personnelle"},"content":{"rendered":"\t\t<div data-elementor-type=\"wp-page\" data-elementor-id=\"1524\" class=\"elementor elementor-1524 elementor-1311\" data-elementor-post-type=\"page\">\n\t\t\t\t\t\t<section class=\"elementor-section elementor-top-section elementor-element elementor-element-1583d5d8 elementor-section-full_width elementor-section-height-default elementor-section-height-default\" data-id=\"1583d5d8\" data-element_type=\"section\">\n\t\t\t\t\t\t<div class=\"elementor-container elementor-column-gap-default\">\n\t\t\t\t\t<div class=\"elementor-column elementor-col-100 elementor-top-column elementor-element elementor-element-14057cb5\" data-id=\"14057cb5\" data-element_type=\"column\">\n\t\t\t<div class=\"elementor-widget-wrap elementor-element-populated\">\n\t\t\t\t\t\t<div class=\"elementor-element elementor-element-308580a elementor-widget elementor-widget-html\" data-id=\"308580a\" data-element_type=\"widget\" data-widget_type=\"html.default\">\n\t\t\t\t<div class=\"elementor-widget-container\">\n\t\t\t\t\t<div class=\"other-pages-title\">Renforcer la r\u00e9silience personnelle<\/div>\t\t\t\t<\/div>\n\t\t\t\t<\/div>\n\t\t\t\t\t<\/div>\n\t\t<\/div>\n\t\t\t\t\t<\/div>\n\t\t<\/section>\n\t\t\t\t<section class=\"elementor-section elementor-top-section elementor-element elementor-element-1bf2d9cd elementor-section-full_width elementor-section-height-default elementor-section-height-default\" data-id=\"1bf2d9cd\" data-element_type=\"section\">\n\t\t\t\t\t\t<div class=\"elementor-container elementor-column-gap-default\">\n\t\t\t\t\t<div class=\"elementor-column elementor-col-100 elementor-top-column elementor-element elementor-element-75b37b75\" data-id=\"75b37b75\" data-element_type=\"column\">\n\t\t\t<div class=\"elementor-widget-wrap elementor-element-populated\">\n\t\t\t\t\t\t<section class=\"elementor-section elementor-inner-section elementor-element elementor-element-660602b8 elementor-section-full_width elementor-section-height-default elementor-section-height-default\" data-id=\"660602b8\" data-element_type=\"section\">\n\t\t\t\t\t\t<div class=\"elementor-container elementor-column-gap-default\">\n\t\t\t\t\t<div class=\"elementor-column elementor-col-50 elementor-inner-column elementor-element elementor-element-5e922212\" data-id=\"5e922212\" data-element_type=\"column\">\n\t\t\t<div class=\"elementor-widget-wrap elementor-element-populated\">\n\t\t\t\t\t\t<div class=\"elementor-element elementor-element-9ad5a08 elementor-widget elementor-widget-image\" data-id=\"9ad5a08\" data-element_type=\"widget\" data-widget_type=\"image.default\">\n\t\t\t\t<div class=\"elementor-widget-container\">\n\t\t\t\t\t\t\t\t\t\t\t\t\t\t\t<img fetchpriority=\"high\" decoding=\"async\" width=\"678\" height=\"451\" src=\"https:\/\/ignitehumanpotential.coach\/wp-content\/uploads\/2020\/10\/bpr-top-left-image-new.jpg\" class=\"attachment-large size-large wp-image-1550\" alt=\"\" srcset=\"https:\/\/ignitehumanpotential.coach\/wp-content\/uploads\/2020\/10\/bpr-top-left-image-new.jpg 678w, https:\/\/ignitehumanpotential.coach\/wp-content\/uploads\/2020\/10\/bpr-top-left-image-new-300x200.jpg 300w\" sizes=\"(max-width: 678px) 100vw, 678px\" \/>\t\t\t\t\t\t\t\t\t\t\t\t\t\t\t<\/div>\n\t\t\t\t<\/div>\n\t\t\t\t<div class=\"elementor-element elementor-element-76f1ef7c tra-left-quote elementor-widget elementor-widget-html\" data-id=\"76f1ef7c\" data-element_type=\"widget\" data-widget_type=\"html.default\">\n\t\t\t\t<div class=\"elementor-widget-container\">\n\t\t\t\t\t<p style=\"text-align: center;\">La r\u00e9silience est d\u00e9finie comme:<br>\u00ab la capacit\u00e9 \u00e0 se pr\u00e9parer,<br>\u00e0 r\u00e9cup\u00e9rer, et \u00e0 s'adapter<br>au stress, aux \u00e9preuves<br>et \u00e0 l\u2019adversit\u00e9. \u00bb<br>\u2014<br><span class=\"rec-left-quote-span\">INSTITUT HEARTMATH<sup>\u00ae<\/sup><\/span><\/p>\t\t\t\t<\/div>\n\t\t\t\t<\/div>\n\t\t\t\t<div class=\"elementor-element elementor-element-75c30043 tra-left-box elementor-widget elementor-widget-html\" data-id=\"75c30043\" data-element_type=\"widget\" data-widget_type=\"html.default\">\n\t\t\t\t<div class=\"elementor-widget-container\">\n\t\t\t\t\t<p><strong>Bienfaits<\/strong><\/p>\r\n<p>Des \u00e9tudes d\u00e9montrent de nombreux progr\u00e8s chez les personnes qui suivent la formation. Elles d\u00e9clarent se sentir davantage autonomes, lucides, cr\u00e9atives et innovantes, patientes, confiantes et exp\u00e9rimentent de meilleures relations interpersonnelles. On observe \u00e9galement une diminution des sympt\u00f4mes de stress et une am\u00e9lioration sur les \u00e9l\u00e9ments suivants:  <\/p>\r\n<img decoding=\"async\" src=\"https:\/\/ignitehumanpotential.coach\/wp-content\/uploads\/2020\/10\/tra-measured-benefits-fr-new.png\">\r\n<p style=\"text-align:right;font-size:14px;margin-right:15px;margin-bottom:0px !important;padding-bottom:0px !important;\">Copyright Institut HeartMath<sup>\u00ae<\/sup><\/p>\t\t\t\t<\/div>\n\t\t\t\t<\/div>\n\t\t\t\t\t<\/div>\n\t\t<\/div>\n\t\t\t\t<div class=\"elementor-column elementor-col-50 elementor-inner-column elementor-element elementor-element-6e930e4a res-workshop-right\" data-id=\"6e930e4a\" data-element_type=\"column\">\n\t\t\t<div class=\"elementor-widget-wrap elementor-element-populated\">\n\t\t\t\t\t\t<div class=\"elementor-element elementor-element-49157716 elementor-widget elementor-widget-html\" data-id=\"49157716\" data-element_type=\"widget\" data-widget_type=\"html.default\">\n\t\t\t\t<div class=\"elementor-widget-container\">\n\t\t\t\t\t<div class=\"bpr-top-right\">\n<img decoding=\"async\" src=\"https:\/\/ignitehumanpotential.coach\/wp-content\/uploads\/2020\/09\/weeks-8-fr.png\">\n<h2>D\u00e9velopper des comp\u00e9tences<br> de r\u00e9silience pour atteindre<br>\nun rendement optimal<\/h2>\n<\/div>\t\t\t\t<\/div>\n\t\t\t\t<\/div>\n\t\t\t\t<div class=\"elementor-element elementor-element-3bee8baa res-workshop-right-box elementor-widget elementor-widget-html\" data-id=\"3bee8baa\" data-element_type=\"widget\" data-widget_type=\"html.default\">\n\t\t\t\t<div class=\"elementor-widget-container\">\n\t\t\t\t\t<div class=\"res-workshop-right-paragraphs\">\r\n\t<h2>Objectifs<\/h2>\r\n\t<p>D\u00e9velopper des comp\u00e9tences de r\u00e9silience pour faire des choix \u00e9clair\u00e9s, atteindre un rendement optimal et soutenir des actions innovantes chez les personnes gr\u00e2ce \u00e0 des outils, des techniques, des meilleures pratiques et des technologies  scientifiquement valid\u00e9es.<\/p>\r\n<\/div>\r\n<div class=\"res-workshop-right-paragraphs\">\r\n\t<h2>Caract\u00e9ristiques<\/h2>\r\n\t\r\n\t<ul>\r\n\t<li>Programmation individuelle ou de groupe d'une dur\u00e9e de 8 semaines .<\/li>\r\n\t<li>\u00c9valuation individuelle du stress effectu\u00e9e avant et apr\u00e8s la formation pour mesurer l'am\u00e9lioration.<\/li>\r\n\t<li>Comprend 30 minutes de coaching personnalis\u00e9 en tandem avec le programme sur une base hebdomadaire.<\/li>\r\n\t<li>Interactif et participatif dans le style. \r\n<li>Enseign\u00e9 de fa\u00e7on virtuelle.<\/li>\r\n<\/ul>\r\n\t\r\n\t<p>Dans le cadre de ce programme, vous recevrez les technologies brevet\u00e9es <strong>emWave<sup>\u00ae<\/sup><\/strong> ou <strong>Inner Balance<sup>\u2122<\/sup><\/strong>.<\/p>\r\n\t<p>Ces produits sont des capteurs qui vous apprennent \u00e0 passer du stress et de la frustration vers l\u2019\u00e9quilibre et la r\u00e9silience gr\u00e2ce \u00e0 une r\u00e9troaction en temps r\u00e9el, bas\u00e9e sur vos propres rythmes cardiaques.<\/p><p><strong><a href=\"https:\/\/ignitehumanpotential.coach\/fr\/produits\/\">Visitez la page Produits pour une description compl\u00e8te.<\/a><\/strong><\/p>\r\n<\/div>\t\t\t\t<\/div>\n\t\t\t\t<\/div>\n\t\t\t\t<div class=\"elementor-element elementor-element-5a0e1c89 elementor-align-justify elementor-widget elementor-widget-button\" data-id=\"5a0e1c89\" data-element_type=\"widget\" data-widget_type=\"button.default\">\n\t\t\t\t<div class=\"elementor-widget-container\">\n\t\t\t\t\t\t\t\t\t<div class=\"elementor-button-wrapper\">\n\t\t\t\t\t<a class=\"elementor-button elementor-button-link elementor-size-lg\" href=\"\/download\/1851\/\" target=\"_blank\" id=\"dream-third-button\">\n\t\t\t\t\t\t<span class=\"elementor-button-content-wrapper\">\n\t\t\t\t\t\t\t\t\t<span class=\"elementor-button-text\">CURRICULUM ABR\u00c9G\u00c9<span class=\"dream-detailed-button-arrow\">\u27f6<\/span><\/span>\n\t\t\t\t\t<\/span>\n\t\t\t\t\t<\/a>\n\t\t\t\t<\/div>\n\t\t\t\t\t\t\t\t<\/div>\n\t\t\t\t<\/div>\n\t\t\t\t<div class=\"elementor-element elementor-element-46321c4a bpr-spirale elementor-widget elementor-widget-image\" data-id=\"46321c4a\" data-element_type=\"widget\" data-widget_type=\"image.default\">\n\t\t\t\t<div class=\"elementor-widget-container\">\n\t\t\t\t\t\t\t\t\t\t\t\t\t\t\t<img decoding=\"async\" width=\"1251\" height=\"1321\" src=\"https:\/\/ignitehumanpotential.coach\/wp-content\/uploads\/2020\/08\/bpr-spirale-min.png\" class=\"attachment-full size-full wp-image-1421\" alt=\"\" srcset=\"https:\/\/ignitehumanpotential.coach\/wp-content\/uploads\/2020\/08\/bpr-spirale-min.png 1251w, https:\/\/ignitehumanpotential.coach\/wp-content\/uploads\/2020\/08\/bpr-spirale-min-284x300.png 284w, https:\/\/ignitehumanpotential.coach\/wp-content\/uploads\/2020\/08\/bpr-spirale-min-970x1024.png 970w, https:\/\/ignitehumanpotential.coach\/wp-content\/uploads\/2020\/08\/bpr-spirale-min-768x811.png 768w\" sizes=\"(max-width: 1251px) 100vw, 1251px\" \/>\t\t\t\t\t\t\t\t\t\t\t\t\t\t\t<\/div>\n\t\t\t\t<\/div>\n\t\t\t\t<div class=\"elementor-element elementor-element-14ed9fb elementor-widget elementor-widget-html\" data-id=\"14ed9fb\" data-element_type=\"widget\" data-widget_type=\"html.default\">\n\t\t\t\t<div class=\"elementor-widget-container\">\n\t\t\t\t\t<div class=\"tra-box-en\">\n    <a href=\"https:\/\/ignitehumanpotential.coach\/contact\/\">Communiquez avec moi<br>pour organiser un<br>appel de pr\u00e9sentation!<\/a>\n    <\/div>\t\t\t\t<\/div>\n\t\t\t\t<\/div>\n\t\t\t\t\t<\/div>\n\t\t<\/div>\n\t\t\t\t\t<\/div>\n\t\t<\/section>\n\t\t\t\t\t<\/div>\n\t\t<\/div>\n\t\t\t\t\t<\/div>\n\t\t<\/section>\n\t\t\t\t<\/div>\n\t\t","protected":false},"excerpt":{"rendered":"<p>Renforcer la r\u00e9silience personnelle La r\u00e9silience est d\u00e9finie comme:\u00ab la capacit\u00e9 \u00e0 se pr\u00e9parer,\u00e0 r\u00e9cup\u00e9rer, et \u00e0 s&#8217;adapterau stress, aux \u00e9preuveset \u00e0 l\u2019adversit\u00e9. \u00bb\u2014INSTITUT HEARTMATH\u00ae Bienfaits Des \u00e9tudes d\u00e9montrent de nombreux progr\u00e8s chez les personnes qui suivent la formation. Elles d\u00e9clarent se sentir davantage autonomes, lucides, cr\u00e9atives et innovantes, patientes, confiantes et exp\u00e9rimentent de meilleures [&hellip;]<\/p>\n","protected":false},"author":5,"featured_media":0,"parent":53,"menu_order":0,"comment_status":"closed","ping_status":"closed","template":"elementor_header_footer","meta":{"_genesis_hide_title":false,"_genesis_hide_breadcrumbs":false,"_genesis_hide_singular_image":false,"_genesis_hide_footer_widgets":false,"_genesis_custom_body_class":"","_genesis_custom_post_class":"","_genesis_layout":"","footnotes":""},"class_list":{"0":"post-1524","1":"page","2":"type-page","3":"status-publish","5":"entry","6":"has-post-thumbnail"},"yoast_head":"<!-- This site is optimized with the Yoast SEO plugin v26.7 - https:\/\/yoast.com\/wordpress\/plugins\/seo\/ -->\n<title>Renforcer la r\u00e9silience personnelle - Ignite Human Potential - Maryl\u00e8ne Ayotte<\/title>\n<meta name=\"robots\" content=\"index, follow, max-snippet:-1, max-image-preview:large, max-video-preview:-1\" \/>\n<link rel=\"canonical\" href=\"https:\/\/ignitehumanpotential.coach\/fr\/services-individuels\/renforcer-la-resilience-personnelle\/\" \/>\n<meta property=\"og:locale\" content=\"fr_FR\" \/>\n<meta property=\"og:type\" content=\"article\" \/>\n<meta property=\"og:title\" content=\"Renforcer la r\u00e9silience personnelle - Ignite Human Potential - Maryl\u00e8ne Ayotte\" \/>\n<meta property=\"og:description\" content=\"Renforcer la r\u00e9silience personnelle La r\u00e9silience est d\u00e9finie comme:\u00ab la capacit\u00e9 \u00e0 se pr\u00e9parer,\u00e0 r\u00e9cup\u00e9rer, et \u00e0 s&#8217;adapterau stress, aux \u00e9preuveset \u00e0 l\u2019adversit\u00e9. \u00bb\u2014INSTITUT HEARTMATH\u00ae Bienfaits Des \u00e9tudes d\u00e9montrent de nombreux progr\u00e8s chez les personnes qui suivent la formation. Elles d\u00e9clarent se sentir davantage autonomes, lucides, cr\u00e9atives et innovantes, patientes, confiantes et exp\u00e9rimentent de meilleures [&hellip;]\" \/>\n<meta property=\"og:url\" content=\"https:\/\/ignitehumanpotential.coach\/fr\/services-individuels\/renforcer-la-resilience-personnelle\/\" \/>\n<meta property=\"og:site_name\" content=\"Ignite Human Potential - Maryl\u00e8ne Ayotte\" \/>\n<meta property=\"article:modified_time\" content=\"2020-11-23T14:23:19+00:00\" \/>\n<meta property=\"og:image\" content=\"https:\/\/ignitehumanpotential.coach\/wp-content\/uploads\/2020\/10\/bpr-top-left-image-new.jpg\" \/>\n<meta name=\"twitter:card\" content=\"summary_large_image\" \/>\n<meta name=\"twitter:label1\" content=\"Dur\u00e9e de lecture estim\u00e9e\" \/>\n\t<meta name=\"twitter:data1\" content=\"1 minute\" \/>\n<script type=\"application\/ld+json\" class=\"yoast-schema-graph\">{\"@context\":\"https:\/\/schema.org\",\"@graph\":[{\"@type\":\"WebPage\",\"@id\":\"https:\/\/ignitehumanpotential.coach\/fr\/services-individuels\/renforcer-la-resilience-personnelle\/\",\"url\":\"https:\/\/ignitehumanpotential.coach\/fr\/services-individuels\/renforcer-la-resilience-personnelle\/\",\"name\":\"Renforcer la r\u00e9silience personnelle - Ignite Human Potential - Maryl\u00e8ne Ayotte\",\"isPartOf\":{\"@id\":\"https:\/\/ignitehumanpotential.coach\/fr\/#website\"},\"primaryImageOfPage\":{\"@id\":\"https:\/\/ignitehumanpotential.coach\/fr\/services-individuels\/renforcer-la-resilience-personnelle\/#primaryimage\"},\"image\":{\"@id\":\"https:\/\/ignitehumanpotential.coach\/fr\/services-individuels\/renforcer-la-resilience-personnelle\/#primaryimage\"},\"thumbnailUrl\":\"https:\/\/ignitehumanpotential.coach\/wp-content\/uploads\/2020\/10\/bpr-top-left-image-new.jpg\",\"datePublished\":\"2020-07-28T19:36:20+00:00\",\"dateModified\":\"2020-11-23T14:23:19+00:00\",\"breadcrumb\":{\"@id\":\"https:\/\/ignitehumanpotential.coach\/fr\/services-individuels\/renforcer-la-resilience-personnelle\/#breadcrumb\"},\"inLanguage\":\"fr-FR\",\"potentialAction\":[{\"@type\":\"ReadAction\",\"target\":[\"https:\/\/ignitehumanpotential.coach\/fr\/services-individuels\/renforcer-la-resilience-personnelle\/\"]}]},{\"@type\":\"ImageObject\",\"inLanguage\":\"fr-FR\",\"@id\":\"https:\/\/ignitehumanpotential.coach\/fr\/services-individuels\/renforcer-la-resilience-personnelle\/#primaryimage\",\"url\":\"https:\/\/ignitehumanpotential.coach\/wp-content\/uploads\/2020\/10\/bpr-top-left-image-new.jpg\",\"contentUrl\":\"https:\/\/ignitehumanpotential.coach\/wp-content\/uploads\/2020\/10\/bpr-top-left-image-new.jpg\"},{\"@type\":\"BreadcrumbList\",\"@id\":\"https:\/\/ignitehumanpotential.coach\/fr\/services-individuels\/renforcer-la-resilience-personnelle\/#breadcrumb\",\"itemListElement\":[{\"@type\":\"ListItem\",\"position\":1,\"name\":\"Home\",\"item\":\"https:\/\/ignitehumanpotential.coach\/fr\/\"},{\"@type\":\"ListItem\",\"position\":2,\"name\":\"Services individuels\",\"item\":\"https:\/\/ignitehumanpotential.coach\/fr\/services-individuels\/\"},{\"@type\":\"ListItem\",\"position\":3,\"name\":\"Renforcer la r\u00e9silience personnelle\"}]},{\"@type\":\"WebSite\",\"@id\":\"https:\/\/ignitehumanpotential.coach\/fr\/#website\",\"url\":\"https:\/\/ignitehumanpotential.coach\/fr\/\",\"name\":\"Ignite Human Potential - Maryl\u00e8ne Ayotte\",\"description\":\"\",\"publisher\":{\"@id\":\"https:\/\/ignitehumanpotential.coach\/fr\/#organization\"},\"potentialAction\":[{\"@type\":\"SearchAction\",\"target\":{\"@type\":\"EntryPoint\",\"urlTemplate\":\"https:\/\/ignitehumanpotential.coach\/fr\/?s={search_term_string}\"},\"query-input\":{\"@type\":\"PropertyValueSpecification\",\"valueRequired\":true,\"valueName\":\"search_term_string\"}}],\"inLanguage\":\"fr-FR\"},{\"@type\":\"Organization\",\"@id\":\"https:\/\/ignitehumanpotential.coach\/fr\/#organization\",\"name\":\"Ignite Human Potential - Maryl\u00e8ne Ayotte\",\"url\":\"https:\/\/ignitehumanpotential.coach\/fr\/\",\"logo\":{\"@type\":\"ImageObject\",\"inLanguage\":\"fr-FR\",\"@id\":\"https:\/\/ignitehumanpotential.coach\/fr\/#\/schema\/logo\/image\/\",\"url\":\"https:\/\/ignitehumanpotential.coach\/wp-content\/uploads\/2020\/02\/MAAlogoHIRES.png\",\"contentUrl\":\"https:\/\/ignitehumanpotential.coach\/wp-content\/uploads\/2020\/02\/MAAlogoHIRES.png\",\"width\":3179,\"height\":769,\"caption\":\"Ignite Human Potential - Maryl\u00e8ne Ayotte\"},\"image\":{\"@id\":\"https:\/\/ignitehumanpotential.coach\/fr\/#\/schema\/logo\/image\/\"}}]}<\/script>\n<!-- \/ Yoast SEO plugin. -->","yoast_head_json":{"title":"Renforcer la r\u00e9silience personnelle - Ignite Human Potential - Maryl\u00e8ne Ayotte","robots":{"index":"index","follow":"follow","max-snippet":"max-snippet:-1","max-image-preview":"max-image-preview:large","max-video-preview":"max-video-preview:-1"},"canonical":"https:\/\/ignitehumanpotential.coach\/fr\/services-individuels\/renforcer-la-resilience-personnelle\/","og_locale":"fr_FR","og_type":"article","og_title":"Renforcer la r\u00e9silience personnelle - Ignite Human Potential - Maryl\u00e8ne Ayotte","og_description":"Renforcer la r\u00e9silience personnelle La r\u00e9silience est d\u00e9finie comme:\u00ab la capacit\u00e9 \u00e0 se pr\u00e9parer,\u00e0 r\u00e9cup\u00e9rer, et \u00e0 s&#8217;adapterau stress, aux \u00e9preuveset \u00e0 l\u2019adversit\u00e9. \u00bb\u2014INSTITUT HEARTMATH\u00ae Bienfaits Des \u00e9tudes d\u00e9montrent de nombreux progr\u00e8s chez les personnes qui suivent la formation. Elles d\u00e9clarent se sentir davantage autonomes, lucides, cr\u00e9atives et innovantes, patientes, confiantes et exp\u00e9rimentent de meilleures [&hellip;]","og_url":"https:\/\/ignitehumanpotential.coach\/fr\/services-individuels\/renforcer-la-resilience-personnelle\/","og_site_name":"Ignite Human Potential - Maryl\u00e8ne Ayotte","article_modified_time":"2020-11-23T14:23:19+00:00","og_image":[{"url":"https:\/\/ignitehumanpotential.coach\/wp-content\/uploads\/2020\/10\/bpr-top-left-image-new.jpg","type":"","width":"","height":""}],"twitter_card":"summary_large_image","twitter_misc":{"Dur\u00e9e de lecture estim\u00e9e":"1 minute"},"schema":{"@context":"https:\/\/schema.org","@graph":[{"@type":"WebPage","@id":"https:\/\/ignitehumanpotential.coach\/fr\/services-individuels\/renforcer-la-resilience-personnelle\/","url":"https:\/\/ignitehumanpotential.coach\/fr\/services-individuels\/renforcer-la-resilience-personnelle\/","name":"Renforcer la r\u00e9silience personnelle - Ignite Human Potential - Maryl\u00e8ne Ayotte","isPartOf":{"@id":"https:\/\/ignitehumanpotential.coach\/fr\/#website"},"primaryImageOfPage":{"@id":"https:\/\/ignitehumanpotential.coach\/fr\/services-individuels\/renforcer-la-resilience-personnelle\/#primaryimage"},"image":{"@id":"https:\/\/ignitehumanpotential.coach\/fr\/services-individuels\/renforcer-la-resilience-personnelle\/#primaryimage"},"thumbnailUrl":"https:\/\/ignitehumanpotential.coach\/wp-content\/uploads\/2020\/10\/bpr-top-left-image-new.jpg","datePublished":"2020-07-28T19:36:20+00:00","dateModified":"2020-11-23T14:23:19+00:00","breadcrumb":{"@id":"https:\/\/ignitehumanpotential.coach\/fr\/services-individuels\/renforcer-la-resilience-personnelle\/#breadcrumb"},"inLanguage":"fr-FR","potentialAction":[{"@type":"ReadAction","target":["https:\/\/ignitehumanpotential.coach\/fr\/services-individuels\/renforcer-la-resilience-personnelle\/"]}]},{"@type":"ImageObject","inLanguage":"fr-FR","@id":"https:\/\/ignitehumanpotential.coach\/fr\/services-individuels\/renforcer-la-resilience-personnelle\/#primaryimage","url":"https:\/\/ignitehumanpotential.coach\/wp-content\/uploads\/2020\/10\/bpr-top-left-image-new.jpg","contentUrl":"https:\/\/ignitehumanpotential.coach\/wp-content\/uploads\/2020\/10\/bpr-top-left-image-new.jpg"},{"@type":"BreadcrumbList","@id":"https:\/\/ignitehumanpotential.coach\/fr\/services-individuels\/renforcer-la-resilience-personnelle\/#breadcrumb","itemListElement":[{"@type":"ListItem","position":1,"name":"Home","item":"https:\/\/ignitehumanpotential.coach\/fr\/"},{"@type":"ListItem","position":2,"name":"Services individuels","item":"https:\/\/ignitehumanpotential.coach\/fr\/services-individuels\/"},{"@type":"ListItem","position":3,"name":"Renforcer la r\u00e9silience personnelle"}]},{"@type":"WebSite","@id":"https:\/\/ignitehumanpotential.coach\/fr\/#website","url":"https:\/\/ignitehumanpotential.coach\/fr\/","name":"Ignite Human Potential - Maryl\u00e8ne Ayotte","description":"","publisher":{"@id":"https:\/\/ignitehumanpotential.coach\/fr\/#organization"},"potentialAction":[{"@type":"SearchAction","target":{"@type":"EntryPoint","urlTemplate":"https:\/\/ignitehumanpotential.coach\/fr\/?s={search_term_string}"},"query-input":{"@type":"PropertyValueSpecification","valueRequired":true,"valueName":"search_term_string"}}],"inLanguage":"fr-FR"},{"@type":"Organization","@id":"https:\/\/ignitehumanpotential.coach\/fr\/#organization","name":"Ignite Human Potential - Maryl\u00e8ne Ayotte","url":"https:\/\/ignitehumanpotential.coach\/fr\/","logo":{"@type":"ImageObject","inLanguage":"fr-FR","@id":"https:\/\/ignitehumanpotential.coach\/fr\/#\/schema\/logo\/image\/","url":"https:\/\/ignitehumanpotential.coach\/wp-content\/uploads\/2020\/02\/MAAlogoHIRES.png","contentUrl":"https:\/\/ignitehumanpotential.coach\/wp-content\/uploads\/2020\/02\/MAAlogoHIRES.png","width":3179,"height":769,"caption":"Ignite Human Potential - Maryl\u00e8ne Ayotte"},"image":{"@id":"https:\/\/ignitehumanpotential.coach\/fr\/#\/schema\/logo\/image\/"}}]}},"_links":{"self":[{"href":"https:\/\/ignitehumanpotential.coach\/fr\/wp-json\/wp\/v2\/pages\/1524","targetHints":{"allow":["GET"]}}],"collection":[{"href":"https:\/\/ignitehumanpotential.coach\/fr\/wp-json\/wp\/v2\/pages"}],"about":[{"href":"https:\/\/ignitehumanpotential.coach\/fr\/wp-json\/wp\/v2\/types\/page"}],"author":[{"embeddable":true,"href":"https:\/\/ignitehumanpotential.coach\/fr\/wp-json\/wp\/v2\/users\/5"}],"replies":[{"embeddable":true,"href":"https:\/\/ignitehumanpotential.coach\/fr\/wp-json\/wp\/v2\/comments?post=1524"}],"version-history":[{"count":0,"href":"https:\/\/ignitehumanpotential.coach\/fr\/wp-json\/wp\/v2\/pages\/1524\/revisions"}],"up":[{"embeddable":true,"href":"https:\/\/ignitehumanpotential.coach\/fr\/wp-json\/wp\/v2\/pages\/53"}],"wp:attachment":[{"href":"https:\/\/ignitehumanpotential.coach\/fr\/wp-json\/wp\/v2\/media?parent=1524"}],"curies":[{"name":"wp","href":"https:\/\/api.w.org\/{rel}","templated":true}]}}