{"id":157,"date":"2019-11-29T10:31:06","date_gmt":"2019-11-29T15:31:06","guid":{"rendered":"https:\/\/ignitehumanpotential.coach\/?page_id=157"},"modified":"2026-03-12T01:11:25","modified_gmt":"2026-03-12T05:11:25","slug":"contact","status":"publish","type":"page","link":"https:\/\/ignitehumanpotential.coach\/fr\/contact\/","title":{"rendered":"Contact"},"content":{"rendered":"\t\t<div data-elementor-type=\"wp-page\" data-elementor-id=\"157\" class=\"elementor elementor-157 elementor-156\" data-elementor-post-type=\"page\">\n\t\t\t\t\t\t<section class=\"elementor-section elementor-top-section elementor-element elementor-element-fcc9d9a elementor-section-full_width elementor-section-height-default elementor-section-height-default\" data-id=\"fcc9d9a\" data-element_type=\"section\">\n\t\t\t\t\t\t<div class=\"elementor-container elementor-column-gap-default\">\n\t\t\t\t\t<div class=\"elementor-column elementor-col-100 elementor-top-column elementor-element elementor-element-c26d701\" data-id=\"c26d701\" data-element_type=\"column\">\n\t\t\t<div class=\"elementor-widget-wrap elementor-element-populated\">\n\t\t\t\t\t\t<section class=\"elementor-section elementor-inner-section elementor-element elementor-element-737bb89 elementor-section-full_width elementor-section-height-default elementor-section-height-default\" data-id=\"737bb89\" data-element_type=\"section\">\n\t\t\t\t\t\t<div class=\"elementor-container elementor-column-gap-default\">\n\t\t\t\t\t<div class=\"elementor-column elementor-col-50 elementor-inner-column elementor-element elementor-element-34dc3b0\" data-id=\"34dc3b0\" data-element_type=\"column\">\n\t\t\t<div class=\"elementor-widget-wrap elementor-element-populated\">\n\t\t\t\t\t\t<div class=\"elementor-element elementor-element-57fd3df elementor-widget elementor-widget-html\" data-id=\"57fd3df\" data-element_type=\"widget\" data-widget_type=\"html.default\">\n\t\t\t\t<div class=\"elementor-widget-container\">\n\t\t\t\t\t<div class=\"contact-page-title\">Contact<\/div>\t\t\t\t<\/div>\n\t\t\t\t<\/div>\n\t\t\t\t\t<\/div>\n\t\t<\/div>\n\t\t\t\t<div class=\"elementor-column elementor-col-50 elementor-inner-column elementor-element elementor-element-a69111c contact-top\" data-id=\"a69111c\" data-element_type=\"column\">\n\t\t\t<div class=\"elementor-widget-wrap elementor-element-populated\">\n\t\t\t\t\t\t<div class=\"elementor-element elementor-element-fd26aad elementor-widget elementor-widget-image\" data-id=\"fd26aad\" data-element_type=\"widget\" data-widget_type=\"image.default\">\n\t\t\t\t<div class=\"elementor-widget-container\">\n\t\t\t\t\t\t\t\t\t\t\t\t\t\t\t<img fetchpriority=\"high\" decoding=\"async\" width=\"602\" height=\"423\" src=\"https:\/\/ignitehumanpotential.coach\/wp-content\/uploads\/2020\/05\/contact-image-top.png\" class=\"attachment-large size-large wp-image-1043\" alt=\"\" srcset=\"https:\/\/ignitehumanpotential.coach\/wp-content\/uploads\/2020\/05\/contact-image-top.png 602w, https:\/\/ignitehumanpotential.coach\/wp-content\/uploads\/2020\/05\/contact-image-top-300x211.png 300w\" sizes=\"(max-width: 602px) 100vw, 602px\" \/>\t\t\t\t\t\t\t\t\t\t\t\t\t\t\t<\/div>\n\t\t\t\t<\/div>\n\t\t\t\t\t<\/div>\n\t\t<\/div>\n\t\t\t\t\t<\/div>\n\t\t<\/section>\n\t\t\t\t\t<\/div>\n\t\t<\/div>\n\t\t\t\t\t<\/div>\n\t\t<\/section>\n\t\t\t\t<section class=\"elementor-section elementor-top-section elementor-element elementor-element-410b7be elementor-section-full_width elementor-section-height-default elementor-section-height-default\" data-id=\"410b7be\" data-element_type=\"section\">\n\t\t\t\t\t\t<div class=\"elementor-container elementor-column-gap-default\">\n\t\t\t\t\t<div class=\"elementor-column elementor-col-100 elementor-top-column elementor-element elementor-element-a7c1a62\" data-id=\"a7c1a62\" data-element_type=\"column\">\n\t\t\t<div class=\"elementor-widget-wrap elementor-element-populated\">\n\t\t\t\t\t\t<section class=\"elementor-section elementor-inner-section elementor-element elementor-element-814834c elementor-section-full_width contact-white-box elementor-section-height-default elementor-section-height-default\" data-id=\"814834c\" data-element_type=\"section\">\n\t\t\t\t\t\t<div class=\"elementor-container elementor-column-gap-default\">\n\t\t\t\t\t<div class=\"elementor-column elementor-col-100 elementor-inner-column elementor-element elementor-element-cc9035d\" data-id=\"cc9035d\" data-element_type=\"column\">\n\t\t\t<div class=\"elementor-widget-wrap elementor-element-populated\">\n\t\t\t\t\t\t<div class=\"elementor-element elementor-element-56803a6 elementor-widget elementor-widget-shortcode\" data-id=\"56803a6\" data-element_type=\"widget\" data-widget_type=\"shortcode.default\">\n\t\t\t\t<div class=\"elementor-widget-container\">\n\t\t\t\t\t\t\t<div class=\"elementor-shortcode\"><div class=\"forminator-ui forminator-custom-form forminator-custom-form-3683 forminator-design--default  forminator_ajax\" data-forminator-render=\"0\" data-form=\"forminator-module-3683\" data-uid=\"69eb9ad2e011a\"><br\/><\/div><form\r\n\t\t\t\tid=\"forminator-module-3683\"\r\n\t\t\t\tclass=\"forminator-ui forminator-custom-form forminator-custom-form-3683 forminator-design--default  forminator_ajax\"\r\n\t\t\t\tmethod=\"post\"\r\n\t\t\t\tdata-forminator-render=\"0\"\r\n\t\t\t\tdata-form-id=\"3683\"\r\n\t\t\t\t data-color-option=\"theme\" data-design=\"default\" data-grid=\"open\" style=\"display: none;\"\r\n\t\t\t\tdata-uid=\"69eb9ad2e011a\"\r\n\t\t\t><div role=\"alert\" aria-live=\"polite\" class=\"forminator-response-message forminator-error\" aria-hidden=\"true\"><\/div><div class=\"forminator-row\"><div id=\"name-1\" class=\"forminator-field-name forminator-col forminator-col-12 \"><div class=\"forminator-field\"><label for=\"forminator-field-name-1_69eb9ad2e011a\" id=\"forminator-field-name-1_69eb9ad2e011a-label\" class=\"forminator-label\">Nom <span class=\"forminator-required\">*<\/span><\/label><input type=\"text\" name=\"name-1\" value=\"\" placeholder=\"\" id=\"forminator-field-name-1_69eb9ad2e011a\" class=\"forminator-input forminator-name--field\" aria-required=\"true\" autocomplete=\"name\" \/><\/div><\/div><\/div><div class=\"forminator-row\"><div id=\"email-1\" class=\"forminator-field-email forminator-col forminator-col-12 \"><div class=\"forminator-field\"><label for=\"forminator-field-email-1_69eb9ad2e011a\" id=\"forminator-field-email-1_69eb9ad2e011a-label\" class=\"forminator-label\">Courriel <span class=\"forminator-required\">*<\/span><\/label><input type=\"email\" name=\"email-1\" value=\"\" placeholder=\"\" id=\"forminator-field-email-1_69eb9ad2e011a\" class=\"forminator-input forminator-email--field\" data-required=\"true\" aria-required=\"true\" autocomplete=\"email\" \/><\/div><\/div><\/div><div class=\"forminator-row\"><div id=\"textarea-1\" class=\"forminator-field-textarea forminator-col forminator-col-12 \"><div class=\"forminator-field\"><label for=\"forminator-field-textarea-1_69eb9ad2e011a\" id=\"forminator-field-textarea-1_69eb9ad2e011a-label\" class=\"forminator-label\">Message <span class=\"forminator-required\">*<\/span><\/label><textarea name=\"textarea-1\" placeholder=\"\" id=\"forminator-field-textarea-1_69eb9ad2e011a\" class=\"forminator-textarea\" rows=\"6\" style=\"min-height:140px;\" ><\/textarea><\/div><\/div><\/div><div class=\"forminator-row\"><div id=\"captcha-1\" class=\"forminator-field-captcha forminator-col forminator-col-12 \"><div class=\"forminator-captcha-left forminator-g-recaptcha\" data-theme=\"light\"  data-sitekey=\"6LeulcQZAAAAAE80fSdoGEyP7Up-nFHb4sOQwim2\" data-size=\"normal\"><\/div> <\/div><\/div><input type=\"hidden\" name=\"referer_url\" value=\"\" \/><div class=\"forminator-row forminator-row-last\"><div class=\"forminator-col\"><div class=\"forminator-field\"><button class=\"forminator-button forminator-button-submit\">ENVOYER<\/button><\/div><\/div><\/div><input type=\"hidden\" id=\"forminator_nonce\" name=\"forminator_nonce\" value=\"871e3bd80f\" \/><input type=\"hidden\" name=\"_wp_http_referer\" value=\"\/fr\/wp-json\/wp\/v2\/pages\/157\" \/><input type=\"hidden\" name=\"form_id\" value=\"3683\"><input type=\"hidden\" name=\"page_id\" value=\"157\"><input type=\"hidden\" name=\"form_type\" value=\"default\"><input type=\"hidden\" name=\"current_url\" value=\"https:\/\/ignitehumanpotential.coach\/fr\/contact\/\"><input type=\"hidden\" name=\"render_id\" value=\"0\"><input type=\"hidden\" name=\"action\" value=\"forminator_submit_form_custom-forms\"><\/form><\/div>\n\t\t\t\t\t\t<\/div>\n\t\t\t\t<\/div>\n\t\t\t\t<div class=\"elementor-element elementor-element-1de08ac contact-quote elementor-widget elementor-widget-html\" data-id=\"1de08ac\" data-element_type=\"widget\" data-widget_type=\"html.default\">\n\t\t\t\t<div class=\"elementor-widget-container\">\n\t\t\t\t\t<style>.contact-quote {padding-left: 250px;padding-right: 125px;}<\/style>\r\n<p style=\"text-align: center;\">Chaque changement de direction commence par une seule conversation intentionnelle.\r\nContactez-moi pour explorer la voie de d\u00e9veloppement qui convient le mieux \u00e0 vous ou \u00e0 votre \u00e9quipe.<br>\u2014<br><span class=\"contact-quote-span\">maryl\u00e8ne ayotte<\/span><\/p>\t\t\t\t<\/div>\n\t\t\t\t<\/div>\n\t\t\t\t<div class=\"elementor-element elementor-element-b0e77a1 contact-quote elementor-hidden-desktop elementor-hidden-tablet elementor-hidden-mobile elementor-widget elementor-widget-html\" data-id=\"b0e77a1\" data-element_type=\"widget\" data-widget_type=\"html.default\">\n\t\t\t\t<div class=\"elementor-widget-container\">\n\t\t\t\t\t<p style=\"text-align: center;\">\u00ab \u00c9coutez votre coeur et<br>dites un grand OUI \u00e0 ce qui vous<br>donne vie. Partagez vos talents.<br> Construisez vos r\u00eaves.<br>Vous le devez \u00e0 vous-m\u00eame<br>et \u00e0 l'humanit\u00e9. \u00bb<br>\u2014<br><span class=\"contact-quote-span\">maryl\u00e8ne ayotte<\/span><\/p>\t\t\t\t<\/div>\n\t\t\t\t<\/div>\n\t\t\t\t\t<\/div>\n\t\t<\/div>\n\t\t\t\t\t<\/div>\n\t\t<\/section>\n\t\t\t\t\t<\/div>\n\t\t<\/div>\n\t\t\t\t\t<\/div>\n\t\t<\/section>\n\t\t\t\t<section class=\"elementor-section elementor-top-section elementor-element elementor-element-18a510d elementor-section-boxed elementor-section-height-default elementor-section-height-default\" data-id=\"18a510d\" data-element_type=\"section\">\n\t\t\t\t\t\t<div class=\"elementor-container elementor-column-gap-default\">\n\t\t\t\t\t<div class=\"elementor-column elementor-col-100 elementor-top-column elementor-element elementor-element-6f34216\" data-id=\"6f34216\" data-element_type=\"column\">\n\t\t\t<div class=\"elementor-widget-wrap\">\n\t\t\t\t\t\t\t<\/div>\n\t\t<\/div>\n\t\t\t\t\t<\/div>\n\t\t<\/section>\n\t\t\t\t<\/div>\n\t\t","protected":false},"excerpt":{"rendered":"<p>Contact Chaque changement de direction commence par une seule conversation intentionnelle. Contactez-moi pour explorer la voie de d\u00e9veloppement qui convient le mieux \u00e0 vous ou \u00e0 votre \u00e9quipe.\u2014maryl\u00e8ne ayotte \u00ab \u00c9coutez votre coeur etdites un grand OUI \u00e0 ce qui vousdonne vie. Partagez vos talents. Construisez vos r\u00eaves.Vous le devez \u00e0 vous-m\u00eameet \u00e0 l&#8217;humanit\u00e9. \u00bb\u2014maryl\u00e8ne [&hellip;]<\/p>\n","protected":false},"author":3,"featured_media":0,"parent":0,"menu_order":0,"comment_status":"closed","ping_status":"closed","template":"elementor_header_footer","meta":{"_genesis_hide_title":false,"_genesis_hide_breadcrumbs":false,"_genesis_hide_singular_image":false,"_genesis_hide_footer_widgets":false,"_genesis_custom_body_class":"","_genesis_custom_post_class":"","_genesis_layout":"","footnotes":""},"class_list":{"0":"post-157","1":"page","2":"type-page","3":"status-publish","5":"entry","6":"has-post-thumbnail"},"yoast_head":"<!-- This site is optimized with the Yoast SEO plugin v26.7 - https:\/\/yoast.com\/wordpress\/plugins\/seo\/ -->\n<title>Contact - Ignite Human Potential - Maryl\u00e8ne Ayotte<\/title>\n<meta name=\"robots\" content=\"index, follow, max-snippet:-1, max-image-preview:large, max-video-preview:-1\" \/>\n<link rel=\"canonical\" href=\"https:\/\/ignitehumanpotential.coach\/fr\/contact\/\" \/>\n<meta property=\"og:locale\" content=\"fr_FR\" \/>\n<meta property=\"og:type\" content=\"article\" \/>\n<meta property=\"og:title\" content=\"Contact - Ignite Human Potential - Maryl\u00e8ne Ayotte\" \/>\n<meta property=\"og:description\" content=\"Contact Chaque changement de direction commence par une seule conversation intentionnelle. Contactez-moi pour explorer la voie de d\u00e9veloppement qui convient le mieux \u00e0 vous ou \u00e0 votre \u00e9quipe.\u2014maryl\u00e8ne ayotte \u00ab \u00c9coutez votre coeur etdites un grand OUI \u00e0 ce qui vousdonne vie. Partagez vos talents. Construisez vos r\u00eaves.Vous le devez \u00e0 vous-m\u00eameet \u00e0 l&#8217;humanit\u00e9. \u00bb\u2014maryl\u00e8ne [&hellip;]\" \/>\n<meta property=\"og:url\" content=\"https:\/\/ignitehumanpotential.coach\/fr\/contact\/\" \/>\n<meta property=\"og:site_name\" content=\"Ignite Human Potential - Maryl\u00e8ne Ayotte\" \/>\n<meta property=\"article:modified_time\" content=\"2026-03-12T05:11:25+00:00\" \/>\n<meta property=\"og:image\" content=\"https:\/\/ignitehumanpotential.coach\/wp-content\/uploads\/2020\/05\/contact-image-top.png\" \/>\n\t<meta property=\"og:image:width\" content=\"602\" \/>\n\t<meta property=\"og:image:height\" content=\"423\" \/>\n\t<meta property=\"og:image:type\" content=\"image\/png\" \/>\n<meta name=\"twitter:card\" content=\"summary_large_image\" \/>\n<meta name=\"twitter:label1\" content=\"Dur\u00e9e de lecture estim\u00e9e\" \/>\n\t<meta name=\"twitter:data1\" content=\"1 minute\" \/>\n<script type=\"application\/ld+json\" class=\"yoast-schema-graph\">{\"@context\":\"https:\/\/schema.org\",\"@graph\":[{\"@type\":\"WebPage\",\"@id\":\"https:\/\/ignitehumanpotential.coach\/fr\/contact\/\",\"url\":\"https:\/\/ignitehumanpotential.coach\/fr\/contact\/\",\"name\":\"Contact - Ignite Human Potential - Maryl\u00e8ne Ayotte\",\"isPartOf\":{\"@id\":\"https:\/\/ignitehumanpotential.coach\/fr\/#website\"},\"primaryImageOfPage\":{\"@id\":\"https:\/\/ignitehumanpotential.coach\/fr\/contact\/#primaryimage\"},\"image\":{\"@id\":\"https:\/\/ignitehumanpotential.coach\/fr\/contact\/#primaryimage\"},\"thumbnailUrl\":\"https:\/\/ignitehumanpotential.coach\/wp-content\/uploads\/2020\/05\/contact-image-top.png\",\"datePublished\":\"2019-11-29T15:31:06+00:00\",\"dateModified\":\"2026-03-12T05:11:25+00:00\",\"breadcrumb\":{\"@id\":\"https:\/\/ignitehumanpotential.coach\/fr\/contact\/#breadcrumb\"},\"inLanguage\":\"fr-FR\",\"potentialAction\":[{\"@type\":\"ReadAction\",\"target\":[\"https:\/\/ignitehumanpotential.coach\/fr\/contact\/\"]}]},{\"@type\":\"ImageObject\",\"inLanguage\":\"fr-FR\",\"@id\":\"https:\/\/ignitehumanpotential.coach\/fr\/contact\/#primaryimage\",\"url\":\"https:\/\/ignitehumanpotential.coach\/wp-content\/uploads\/2020\/05\/contact-image-top.png\",\"contentUrl\":\"https:\/\/ignitehumanpotential.coach\/wp-content\/uploads\/2020\/05\/contact-image-top.png\"},{\"@type\":\"BreadcrumbList\",\"@id\":\"https:\/\/ignitehumanpotential.coach\/fr\/contact\/#breadcrumb\",\"itemListElement\":[{\"@type\":\"ListItem\",\"position\":1,\"name\":\"Home\",\"item\":\"https:\/\/ignitehumanpotential.coach\/fr\/\"},{\"@type\":\"ListItem\",\"position\":2,\"name\":\"Contact\"}]},{\"@type\":\"WebSite\",\"@id\":\"https:\/\/ignitehumanpotential.coach\/fr\/#website\",\"url\":\"https:\/\/ignitehumanpotential.coach\/fr\/\",\"name\":\"Ignite Human Potential - Maryl\u00e8ne Ayotte\",\"description\":\"\",\"publisher\":{\"@id\":\"https:\/\/ignitehumanpotential.coach\/fr\/#organization\"},\"potentialAction\":[{\"@type\":\"SearchAction\",\"target\":{\"@type\":\"EntryPoint\",\"urlTemplate\":\"https:\/\/ignitehumanpotential.coach\/fr\/?s={search_term_string}\"},\"query-input\":{\"@type\":\"PropertyValueSpecification\",\"valueRequired\":true,\"valueName\":\"search_term_string\"}}],\"inLanguage\":\"fr-FR\"},{\"@type\":\"Organization\",\"@id\":\"https:\/\/ignitehumanpotential.coach\/fr\/#organization\",\"name\":\"Ignite Human Potential - Maryl\u00e8ne Ayotte\",\"url\":\"https:\/\/ignitehumanpotential.coach\/fr\/\",\"logo\":{\"@type\":\"ImageObject\",\"inLanguage\":\"fr-FR\",\"@id\":\"https:\/\/ignitehumanpotential.coach\/fr\/#\/schema\/logo\/image\/\",\"url\":\"https:\/\/ignitehumanpotential.coach\/wp-content\/uploads\/2020\/02\/MAAlogoHIRES.png\",\"contentUrl\":\"https:\/\/ignitehumanpotential.coach\/wp-content\/uploads\/2020\/02\/MAAlogoHIRES.png\",\"width\":3179,\"height\":769,\"caption\":\"Ignite Human Potential - Maryl\u00e8ne Ayotte\"},\"image\":{\"@id\":\"https:\/\/ignitehumanpotential.coach\/fr\/#\/schema\/logo\/image\/\"}}]}<\/script>\n<!-- \/ Yoast SEO plugin. -->","yoast_head_json":{"title":"Contact - Ignite Human Potential - Maryl\u00e8ne Ayotte","robots":{"index":"index","follow":"follow","max-snippet":"max-snippet:-1","max-image-preview":"max-image-preview:large","max-video-preview":"max-video-preview:-1"},"canonical":"https:\/\/ignitehumanpotential.coach\/fr\/contact\/","og_locale":"fr_FR","og_type":"article","og_title":"Contact - Ignite Human Potential - Maryl\u00e8ne Ayotte","og_description":"Contact Chaque changement de direction commence par une seule conversation intentionnelle. Contactez-moi pour explorer la voie de d\u00e9veloppement qui convient le mieux \u00e0 vous ou \u00e0 votre \u00e9quipe.\u2014maryl\u00e8ne ayotte \u00ab \u00c9coutez votre coeur etdites un grand OUI \u00e0 ce qui vousdonne vie. Partagez vos talents. Construisez vos r\u00eaves.Vous le devez \u00e0 vous-m\u00eameet \u00e0 l&#8217;humanit\u00e9. \u00bb\u2014maryl\u00e8ne [&hellip;]","og_url":"https:\/\/ignitehumanpotential.coach\/fr\/contact\/","og_site_name":"Ignite Human Potential - Maryl\u00e8ne Ayotte","article_modified_time":"2026-03-12T05:11:25+00:00","og_image":[{"width":602,"height":423,"url":"https:\/\/ignitehumanpotential.coach\/wp-content\/uploads\/2020\/05\/contact-image-top.png","type":"image\/png"}],"twitter_card":"summary_large_image","twitter_misc":{"Dur\u00e9e de lecture estim\u00e9e":"1 minute"},"schema":{"@context":"https:\/\/schema.org","@graph":[{"@type":"WebPage","@id":"https:\/\/ignitehumanpotential.coach\/fr\/contact\/","url":"https:\/\/ignitehumanpotential.coach\/fr\/contact\/","name":"Contact - Ignite Human Potential - Maryl\u00e8ne Ayotte","isPartOf":{"@id":"https:\/\/ignitehumanpotential.coach\/fr\/#website"},"primaryImageOfPage":{"@id":"https:\/\/ignitehumanpotential.coach\/fr\/contact\/#primaryimage"},"image":{"@id":"https:\/\/ignitehumanpotential.coach\/fr\/contact\/#primaryimage"},"thumbnailUrl":"https:\/\/ignitehumanpotential.coach\/wp-content\/uploads\/2020\/05\/contact-image-top.png","datePublished":"2019-11-29T15:31:06+00:00","dateModified":"2026-03-12T05:11:25+00:00","breadcrumb":{"@id":"https:\/\/ignitehumanpotential.coach\/fr\/contact\/#breadcrumb"},"inLanguage":"fr-FR","potentialAction":[{"@type":"ReadAction","target":["https:\/\/ignitehumanpotential.coach\/fr\/contact\/"]}]},{"@type":"ImageObject","inLanguage":"fr-FR","@id":"https:\/\/ignitehumanpotential.coach\/fr\/contact\/#primaryimage","url":"https:\/\/ignitehumanpotential.coach\/wp-content\/uploads\/2020\/05\/contact-image-top.png","contentUrl":"https:\/\/ignitehumanpotential.coach\/wp-content\/uploads\/2020\/05\/contact-image-top.png"},{"@type":"BreadcrumbList","@id":"https:\/\/ignitehumanpotential.coach\/fr\/contact\/#breadcrumb","itemListElement":[{"@type":"ListItem","position":1,"name":"Home","item":"https:\/\/ignitehumanpotential.coach\/fr\/"},{"@type":"ListItem","position":2,"name":"Contact"}]},{"@type":"WebSite","@id":"https:\/\/ignitehumanpotential.coach\/fr\/#website","url":"https:\/\/ignitehumanpotential.coach\/fr\/","name":"Ignite Human Potential - Maryl\u00e8ne Ayotte","description":"","publisher":{"@id":"https:\/\/ignitehumanpotential.coach\/fr\/#organization"},"potentialAction":[{"@type":"SearchAction","target":{"@type":"EntryPoint","urlTemplate":"https:\/\/ignitehumanpotential.coach\/fr\/?s={search_term_string}"},"query-input":{"@type":"PropertyValueSpecification","valueRequired":true,"valueName":"search_term_string"}}],"inLanguage":"fr-FR"},{"@type":"Organization","@id":"https:\/\/ignitehumanpotential.coach\/fr\/#organization","name":"Ignite Human Potential - Maryl\u00e8ne Ayotte","url":"https:\/\/ignitehumanpotential.coach\/fr\/","logo":{"@type":"ImageObject","inLanguage":"fr-FR","@id":"https:\/\/ignitehumanpotential.coach\/fr\/#\/schema\/logo\/image\/","url":"https:\/\/ignitehumanpotential.coach\/wp-content\/uploads\/2020\/02\/MAAlogoHIRES.png","contentUrl":"https:\/\/ignitehumanpotential.coach\/wp-content\/uploads\/2020\/02\/MAAlogoHIRES.png","width":3179,"height":769,"caption":"Ignite Human Potential - Maryl\u00e8ne Ayotte"},"image":{"@id":"https:\/\/ignitehumanpotential.coach\/fr\/#\/schema\/logo\/image\/"}}]}},"_links":{"self":[{"href":"https:\/\/ignitehumanpotential.coach\/fr\/wp-json\/wp\/v2\/pages\/157","targetHints":{"allow":["GET"]}}],"collection":[{"href":"https:\/\/ignitehumanpotential.coach\/fr\/wp-json\/wp\/v2\/pages"}],"about":[{"href":"https:\/\/ignitehumanpotential.coach\/fr\/wp-json\/wp\/v2\/types\/page"}],"author":[{"embeddable":true,"href":"https:\/\/ignitehumanpotential.coach\/fr\/wp-json\/wp\/v2\/users\/3"}],"replies":[{"embeddable":true,"href":"https:\/\/ignitehumanpotential.coach\/fr\/wp-json\/wp\/v2\/comments?post=157"}],"version-history":[{"count":0,"href":"https:\/\/ignitehumanpotential.coach\/fr\/wp-json\/wp\/v2\/pages\/157\/revisions"}],"wp:attachment":[{"href":"https:\/\/ignitehumanpotential.coach\/fr\/wp-json\/wp\/v2\/media?parent=157"}],"curies":[{"name":"wp","href":"https:\/\/api.w.org\/{rel}","templated":true}]}}