{"id":69,"date":"2019-11-12T17:08:09","date_gmt":"2019-11-12T22:08:09","guid":{"rendered":"https:\/\/ignitehumanpotential.coach\/?page_id=69"},"modified":"2020-11-18T13:23:55","modified_gmt":"2020-11-18T18:23:55","slug":"transformer-votre-vie","status":"publish","type":"page","link":"https:\/\/ignitehumanpotential.coach\/fr\/services-individuels\/transformer-votre-vie\/","title":{"rendered":"Transformer votre vie"},"content":{"rendered":"\t\t<div data-elementor-type=\"wp-page\" data-elementor-id=\"69\" class=\"elementor elementor-69 elementor-59\" data-elementor-post-type=\"page\">\n\t\t\t\t\t\t<section class=\"elementor-section elementor-top-section elementor-element elementor-element-0c1a998 elementor-section-full_width elementor-section-height-default elementor-section-height-default\" data-id=\"0c1a998\" data-element_type=\"section\">\n\t\t\t\t\t\t<div class=\"elementor-container elementor-column-gap-default\">\n\t\t\t\t\t<div class=\"elementor-column elementor-col-100 elementor-top-column elementor-element elementor-element-0b005d9\" data-id=\"0b005d9\" data-element_type=\"column\">\n\t\t\t<div class=\"elementor-widget-wrap elementor-element-populated\">\n\t\t\t\t\t\t<section class=\"elementor-section elementor-inner-section elementor-element elementor-element-6f8100d elementor-section-full_width elementor-section-content-middle elementor-section-height-default elementor-section-height-default\" data-id=\"6f8100d\" data-element_type=\"section\">\n\t\t\t\t\t\t<div class=\"elementor-container elementor-column-gap-default\">\n\t\t\t\t\t<div class=\"elementor-column elementor-col-50 elementor-inner-column elementor-element elementor-element-953d79a programs-first-left\" data-id=\"953d79a\" data-element_type=\"column\">\n\t\t\t<div class=\"elementor-widget-wrap elementor-element-populated\">\n\t\t\t\t\t\t<div class=\"elementor-element elementor-element-2f9c132 elementor-widget elementor-widget-image\" data-id=\"2f9c132\" data-element_type=\"widget\" data-widget_type=\"image.default\">\n\t\t\t\t<div class=\"elementor-widget-container\">\n\t\t\t\t\t\t\t\t\t\t\t\t\t\t\t<img decoding=\"async\" src=\"https:\/\/ignitehumanpotential.coach\/wp-content\/uploads\/elementor\/thumbs\/programs-image-mastery-raw-new-rhf2ryj2sq0j0517mg7yrnyy0nnuqjwdk1krbcjak8.png\" title=\"programs-image-mastery-raw-new\" alt=\"programs-image-mastery-raw-new\" loading=\"lazy\" \/>\t\t\t\t\t\t\t\t\t\t\t\t\t\t\t<\/div>\n\t\t\t\t<\/div>\n\t\t\t\t\t<\/div>\n\t\t<\/div>\n\t\t\t\t<div class=\"elementor-column elementor-col-50 elementor-inner-column elementor-element elementor-element-b119841 programs-first-right\" data-id=\"b119841\" data-element_type=\"column\">\n\t\t\t<div class=\"elementor-widget-wrap elementor-element-populated\">\n\t\t\t\t\t\t<div class=\"elementor-element elementor-element-402d905 elementor-widget elementor-widget-html\" data-id=\"402d905\" data-element_type=\"widget\" data-widget_type=\"html.default\">\n\t\t\t\t<div class=\"elementor-widget-container\">\n\t\t\t\t\t<div class=\"programs-title\">Transformer votre vie<\/div>\t\t\t\t<\/div>\n\t\t\t\t<\/div>\n\t\t\t\t\t<\/div>\n\t\t<\/div>\n\t\t\t\t\t<\/div>\n\t\t<\/section>\n\t\t\t\t\t<\/div>\n\t\t<\/div>\n\t\t\t\t\t<\/div>\n\t\t<\/section>\n\t\t\t\t<section class=\"elementor-section elementor-top-section elementor-element elementor-element-4987b87 elementor-section-full_width elementor-section-height-default elementor-section-height-default\" data-id=\"4987b87\" data-element_type=\"section\">\n\t\t\t\t\t\t<div class=\"elementor-container elementor-column-gap-default\">\n\t\t\t\t\t<div class=\"elementor-column elementor-col-50 elementor-top-column elementor-element elementor-element-4f3338f programs-second-left\" data-id=\"4f3338f\" data-element_type=\"column\">\n\t\t\t<div class=\"elementor-widget-wrap elementor-element-populated\">\n\t\t\t\t\t\t<div class=\"elementor-element elementor-element-17b4834 elementor-widget elementor-widget-image\" data-id=\"17b4834\" data-element_type=\"widget\" data-widget_type=\"image.default\">\n\t\t\t\t<div class=\"elementor-widget-container\">\n\t\t\t\t\t\t\t\t\t\t\t\t\t\t\t<img decoding=\"async\" src=\"https:\/\/ignitehumanpotential.coach\/wp-content\/uploads\/elementor\/thumbs\/weeks-24-fr-rhf2ryixlwdud3tulvbg0i9j5j3dmafavt34zapar0.png\" title=\"\" alt=\"\" loading=\"lazy\" \/>\t\t\t\t\t\t\t\t\t\t\t\t\t\t\t<\/div>\n\t\t\t\t<\/div>\n\t\t\t\t<div class=\"elementor-element elementor-element-6f0d6ad programs-second-left-quote elementor-widget elementor-widget-html\" data-id=\"6f0d6ad\" data-element_type=\"widget\" data-widget_type=\"html.default\">\n\t\t\t\t<div class=\"elementor-widget-container\">\n\t\t\t\t\t<p style=\"text-align: center;\">\u00ab Celui qui dirige les autres est peut-\u00eatre puissant, mais celui qui s'est ma\u00eetris\u00e9 lui-m\u00eame a encore plus de pouvoir. \u00bb<br>\u2014<br><span class=\"programs-second-left-span\">LAO TZU<\/span><\/p>\t\t\t\t<\/div>\n\t\t\t\t<\/div>\n\t\t\t\t<section class=\"elementor-section elementor-inner-section elementor-element elementor-element-395ed6b elementor-section-full_width elementor-section-height-default elementor-section-height-default\" data-id=\"395ed6b\" data-element_type=\"section\">\n\t\t\t\t\t\t<div class=\"elementor-container elementor-column-gap-default\">\n\t\t\t\t\t<div class=\"elementor-column elementor-col-100 elementor-inner-column elementor-element elementor-element-9a91e14\" data-id=\"9a91e14\" data-element_type=\"column\">\n\t\t\t<div class=\"elementor-widget-wrap elementor-element-populated\">\n\t\t\t\t\t\t<div class=\"elementor-element elementor-element-1f6cec9 elementor-align-justify elementor-widget elementor-widget-button\" data-id=\"1f6cec9\" data-element_type=\"widget\" data-widget_type=\"button.default\">\n\t\t\t\t<div class=\"elementor-widget-container\">\n\t\t\t\t\t\t\t\t\t<div class=\"elementor-button-wrapper\">\n\t\t\t\t\t<a class=\"elementor-button elementor-size-lg\" role=\"button\" id=\"programs-first-button\">\n\t\t\t\t\t\t<span class=\"elementor-button-content-wrapper\">\n\t\t\t\t\t\t\t\t\t<span class=\"elementor-button-text\">1ER Mois<span class=\"programs-button-arrow\">\u27f6<\/span>DERNIER MOIS<\/span>\n\t\t\t\t\t<\/span>\n\t\t\t\t\t<\/a>\n\t\t\t\t<\/div>\n\t\t\t\t\t\t\t\t<\/div>\n\t\t\t\t<\/div>\n\t\t\t\t<div class=\"elementor-element elementor-element-b1c42dc elementor-align-justify elementor-widget elementor-widget-button\" data-id=\"b1c42dc\" data-element_type=\"widget\" data-widget_type=\"button.default\">\n\t\t\t\t<div class=\"elementor-widget-container\">\n\t\t\t\t\t\t\t\t\t<div class=\"elementor-button-wrapper\">\n\t\t\t\t\t<a class=\"elementor-button elementor-size-lg\" role=\"button\" id=\"programs-second-button\">\n\t\t\t\t\t\t<span class=\"elementor-button-content-wrapper\">\n\t\t\t\t\t\t\t\t\t<span class=\"elementor-button-text\">Janvier \u2014 Juin<\/span>\n\t\t\t\t\t<\/span>\n\t\t\t\t\t<\/a>\n\t\t\t\t<\/div>\n\t\t\t\t\t\t\t\t<\/div>\n\t\t\t\t<\/div>\n\t\t\t\t<div class=\"elementor-element elementor-element-ede1afe elementor-align-justify elementor-widget elementor-widget-button\" data-id=\"ede1afe\" data-element_type=\"widget\" data-widget_type=\"button.default\">\n\t\t\t\t<div class=\"elementor-widget-container\">\n\t\t\t\t\t\t\t\t\t<div class=\"elementor-button-wrapper\">\n\t\t\t\t\t<a class=\"elementor-button elementor-button-link elementor-size-lg\" href=\"\/download\/1566\/\" target=\"_blank\" id=\"programs-third-button\">\n\t\t\t\t\t\t<span class=\"elementor-button-content-wrapper\">\n\t\t\t\t\t\t\t\t\t<span class=\"elementor-button-text\">CURRICULUM ABR\u00c9G\u00c9<span class=\"detailed-button-arrow\">\u27f6<\/span><\/span>\n\t\t\t\t\t<\/span>\n\t\t\t\t\t<\/a>\n\t\t\t\t<\/div>\n\t\t\t\t\t\t\t\t<\/div>\n\t\t\t\t<\/div>\n\t\t\t\t\t<\/div>\n\t\t<\/div>\n\t\t\t\t\t<\/div>\n\t\t<\/section>\n\t\t\t\t\t<\/div>\n\t\t<\/div>\n\t\t\t\t<div class=\"elementor-column elementor-col-50 elementor-top-column elementor-element elementor-element-3d913bb programs-second-right\" data-id=\"3d913bb\" data-element_type=\"column\">\n\t\t\t<div class=\"elementor-widget-wrap elementor-element-populated\">\n\t\t\t\t\t\t<div class=\"elementor-element elementor-element-3e0ae14 elementor-widget elementor-widget-html\" data-id=\"3e0ae14\" data-element_type=\"widget\" data-widget_type=\"html.default\">\n\t\t\t\t<div class=\"elementor-widget-container\">\n\t\t\t\t\t<p style=\"margin-bottom:60px;\">Ce programme de d\u00e9veloppement unique et puissant de 24 semaines offre un soutien essentiel pour manifester vos r\u00eaves en ma\u00eetrisant 6 domaines cl\u00e9s de votre vie: l\u2019intention, la manifestation, la sant\u00e9, l\u2019amour, l\u2019abondance et la transformation. \r\n<\/p>\t\t\t\t<\/div>\n\t\t\t\t<\/div>\n\t\t\t\t<section class=\"elementor-section elementor-inner-section elementor-element elementor-element-8d826cc elementor-section-boxed elementor-section-height-default elementor-section-height-default\" data-id=\"8d826cc\" data-element_type=\"section\">\n\t\t\t\t\t\t<div class=\"elementor-container elementor-column-gap-default\">\n\t\t\t\t\t<div class=\"elementor-column elementor-col-50 elementor-inner-column elementor-element elementor-element-a30fb11 programs-second-table-left\" data-id=\"a30fb11\" data-element_type=\"column\">\n\t\t\t<div class=\"elementor-widget-wrap elementor-element-populated\">\n\t\t\t\t\t\t<div class=\"elementor-element elementor-element-133cee9 elementor-widget elementor-widget-html\" data-id=\"133cee9\" data-element_type=\"widget\" data-widget_type=\"html.default\">\n\t\t\t\t<div class=\"elementor-widget-container\">\n\t\t\t\t\t<p>Temps<br>de travail<br>hebdomadaire<\/p>\t\t\t\t<\/div>\n\t\t\t\t<\/div>\n\t\t\t\t\t<\/div>\n\t\t<\/div>\n\t\t\t\t<div class=\"elementor-column elementor-col-50 elementor-inner-column elementor-element elementor-element-b33ef93 programs-second-table-right\" data-id=\"b33ef93\" data-element_type=\"column\">\n\t\t\t<div class=\"elementor-widget-wrap elementor-element-populated\">\n\t\t\t\t\t\t<div class=\"elementor-element elementor-element-808c773 elementor-widget elementor-widget-shortcode\" data-id=\"808c773\" data-element_type=\"widget\" data-widget_type=\"shortcode.default\">\n\t\t\t\t<div class=\"elementor-widget-container\">\n\t\t\t\t\t\t\t<div class=\"elementor-shortcode\">\n<table id=\"tablepress-3\" class=\"tablepress tablepress-id-3 programs-tables\">\n<tbody>\n<tr class=\"row-1\">\n\t<td class=\"column-1\">Investissement en temps<\/td><td class=\"column-2\">~2 h 30<\/td>\n<\/tr>\n<tr class=\"row-2\">\n\t<td class=\"column-1\">Enregistrement audio<\/td><td class=\"column-2\">~30 min<\/td>\n<\/tr>\n<tr class=\"row-3\">\n\t<td class=\"column-1\">Exercices du guide<\/td><td class=\"column-2\">~60 min<\/td>\n<\/tr>\n<tr class=\"row-4\">\n\t<td class=\"column-1\">Appel de groupe<\/td><td class=\"column-2\">60 min<\/td>\n<\/tr>\n<tr class=\"row-5\">\n\t<td class=\"column-1\">Appels individuels de coaching<\/td><td class=\"column-2\">60 min<\/td>\n<\/tr>\n<\/tbody>\n<\/table>\n<!-- #tablepress-3 from cache --><\/div>\n\t\t\t\t\t\t<\/div>\n\t\t\t\t<\/div>\n\t\t\t\t\t<\/div>\n\t\t<\/div>\n\t\t\t\t\t<\/div>\n\t\t<\/section>\n\t\t\t\t<section class=\"elementor-section elementor-inner-section elementor-element elementor-element-475e14a elementor-section-boxed elementor-section-height-default elementor-section-height-default\" data-id=\"475e14a\" data-element_type=\"section\">\n\t\t\t\t\t\t<div class=\"elementor-container elementor-column-gap-default\">\n\t\t\t\t\t<div class=\"elementor-column elementor-col-50 elementor-inner-column elementor-element elementor-element-78039f1 programs-second-table-left\" data-id=\"78039f1\" data-element_type=\"column\">\n\t\t\t<div class=\"elementor-widget-wrap elementor-element-populated\">\n\t\t\t\t\t\t<div class=\"elementor-element elementor-element-99d23f6 elementor-widget elementor-widget-html\" data-id=\"99d23f6\" data-element_type=\"widget\" data-widget_type=\"html.default\">\n\t\t\t\t<div class=\"elementor-widget-container\">\n\t\t\t\t\t<p>Mat\u00e9riel<br>\u00e9tudiant<\/p>\t\t\t\t<\/div>\n\t\t\t\t<\/div>\n\t\t\t\t\t<\/div>\n\t\t<\/div>\n\t\t\t\t<div class=\"elementor-column elementor-col-50 elementor-inner-column elementor-element elementor-element-19a4ba4 programs-second-table-right\" data-id=\"19a4ba4\" data-element_type=\"column\">\n\t\t\t<div class=\"elementor-widget-wrap elementor-element-populated\">\n\t\t\t\t\t\t<div class=\"elementor-element elementor-element-c1b4896 elementor-widget elementor-widget-html\" data-id=\"c1b4896\" data-element_type=\"widget\" data-widget_type=\"html.default\">\n\t\t\t\t<div class=\"elementor-widget-container\">\n\t\t\t\t\t<p style=\"margin-bottom:10px;\">Acc\u00e8s en ligne \u00e0<\/p>\t\t\t\t<\/div>\n\t\t\t\t<\/div>\n\t\t\t\t<div class=\"elementor-element elementor-element-c92558c elementor-widget elementor-widget-shortcode\" data-id=\"c92558c\" data-element_type=\"widget\" data-widget_type=\"shortcode.default\">\n\t\t\t\t<div class=\"elementor-widget-container\">\n\t\t\t\t\t\t\t<div class=\"elementor-shortcode\">\n<table id=\"tablepress-4\" class=\"tablepress tablepress-id-4 programs-tables\">\n<tbody>\n<tr class=\"row-1\">\n\t<td class=\"column-1\">Enregistrements audio<\/td>\n<\/tr>\n<tr class=\"row-2\">\n\t<td class=\"column-1\">Guides<\/td>\n<\/tr>\n<\/tbody>\n<\/table>\n<!-- #tablepress-4 from cache --><\/div>\n\t\t\t\t\t\t<\/div>\n\t\t\t\t<\/div>\n\t\t\t\t\t<\/div>\n\t\t<\/div>\n\t\t\t\t\t<\/div>\n\t\t<\/section>\n\t\t\t\t<section class=\"elementor-section elementor-inner-section elementor-element elementor-element-00a6bb3 elementor-section-boxed elementor-section-height-default elementor-section-height-default\" data-id=\"00a6bb3\" data-element_type=\"section\">\n\t\t\t\t\t\t<div class=\"elementor-container elementor-column-gap-default\">\n\t\t\t\t\t<div class=\"elementor-column elementor-col-50 elementor-inner-column elementor-element elementor-element-584bfd6 programs-second-table-left\" data-id=\"584bfd6\" data-element_type=\"column\">\n\t\t\t<div class=\"elementor-widget-wrap elementor-element-populated\">\n\t\t\t\t\t\t\t<\/div>\n\t\t<\/div>\n\t\t\t\t<div class=\"elementor-column elementor-col-50 elementor-inner-column elementor-element elementor-element-ae55422 programs-second-table-right\" data-id=\"ae55422\" data-element_type=\"column\">\n\t\t\t<div class=\"elementor-widget-wrap elementor-element-populated\">\n\t\t\t\t\t\t<div class=\"elementor-element elementor-element-c4dac53 elementor-widget elementor-widget-html\" data-id=\"c4dac53\" data-element_type=\"widget\" data-widget_type=\"html.default\">\n\t\t\t\t<div class=\"elementor-widget-container\">\n\t\t\t\t\t<p>Pr\u00e9requis : avoir compl\u00e9t\u00e9 le programme <em>Dream<\/em>Builder\u00ae<br><span style=\"margin-left: -13px;\"><\/span><\/p>\t\t\t\t<\/div>\n\t\t\t\t<\/div>\n\t\t\t\t\t<\/div>\n\t\t<\/div>\n\t\t\t\t\t<\/div>\n\t\t<\/section>\n\t\t\t\t\t<\/div>\n\t\t<\/div>\n\t\t\t\t\t<\/div>\n\t\t<\/section>\n\t\t\t\t<\/div>\n\t\t","protected":false},"excerpt":{"rendered":"<p>Transformer votre vie \u00ab Celui qui dirige les autres est peut-\u00eatre puissant, mais celui qui s&#8217;est ma\u00eetris\u00e9 lui-m\u00eame a encore plus de pouvoir. \u00bb\u2014LAO TZU 1ER Mois\u27f6DERNIER MOIS Janvier \u2014 Juin CURRICULUM ABR\u00c9G\u00c9\u27f6 Ce programme de d\u00e9veloppement unique et puissant de 24 semaines offre un soutien essentiel pour manifester vos r\u00eaves en ma\u00eetrisant 6 domaines [&hellip;]<\/p>\n","protected":false},"author":3,"featured_media":356,"parent":53,"menu_order":0,"comment_status":"closed","ping_status":"closed","template":"elementor_header_footer","meta":{"_genesis_hide_title":false,"_genesis_hide_breadcrumbs":false,"_genesis_hide_singular_image":false,"_genesis_hide_footer_widgets":false,"_genesis_custom_body_class":"","_genesis_custom_post_class":"","_genesis_layout":"","footnotes":""},"class_list":{"0":"post-69","1":"page","2":"type-page","3":"status-publish","4":"has-post-thumbnail","6":"entry"},"yoast_head":"<!-- This site is optimized with the Yoast SEO plugin v26.7 - https:\/\/yoast.com\/wordpress\/plugins\/seo\/ -->\n<title>Transformer votre vie - Ignite Human Potential - Maryl\u00e8ne Ayotte<\/title>\n<meta name=\"robots\" content=\"index, follow, max-snippet:-1, max-image-preview:large, max-video-preview:-1\" \/>\n<link rel=\"canonical\" href=\"https:\/\/ignitehumanpotential.coach\/fr\/services-individuels\/transformer-votre-vie\/\" \/>\n<meta property=\"og:locale\" content=\"fr_FR\" \/>\n<meta property=\"og:type\" content=\"article\" \/>\n<meta property=\"og:title\" content=\"Transformer votre vie - Ignite Human Potential - Maryl\u00e8ne Ayotte\" \/>\n<meta property=\"og:description\" content=\"Transformer votre vie \u00ab Celui qui dirige les autres est peut-\u00eatre puissant, mais celui qui s&#8217;est ma\u00eetris\u00e9 lui-m\u00eame a encore plus de pouvoir. \u00bb\u2014LAO TZU 1ER Mois\u27f6DERNIER MOIS Janvier \u2014 Juin CURRICULUM ABR\u00c9G\u00c9\u27f6 Ce programme de d\u00e9veloppement unique et puissant de 24 semaines offre un soutien essentiel pour manifester vos r\u00eaves en ma\u00eetrisant 6 domaines [&hellip;]\" \/>\n<meta property=\"og:url\" content=\"https:\/\/ignitehumanpotential.coach\/fr\/services-individuels\/transformer-votre-vie\/\" \/>\n<meta property=\"og:site_name\" content=\"Ignite Human Potential - Maryl\u00e8ne Ayotte\" \/>\n<meta property=\"article:modified_time\" content=\"2020-11-18T18:23:55+00:00\" \/>\n<meta property=\"og:image\" content=\"https:\/\/ignitehumanpotential.coach\/wp-content\/uploads\/2020\/01\/programs-background-merged.jpg\" \/>\n\t<meta property=\"og:image:width\" content=\"1920\" \/>\n\t<meta property=\"og:image:height\" content=\"900\" \/>\n\t<meta property=\"og:image:type\" content=\"image\/jpeg\" \/>\n<meta name=\"twitter:card\" content=\"summary_large_image\" \/>\n<script type=\"application\/ld+json\" class=\"yoast-schema-graph\">{\"@context\":\"https:\/\/schema.org\",\"@graph\":[{\"@type\":\"WebPage\",\"@id\":\"https:\/\/ignitehumanpotential.coach\/fr\/services-individuels\/transformer-votre-vie\/\",\"url\":\"https:\/\/ignitehumanpotential.coach\/fr\/services-individuels\/transformer-votre-vie\/\",\"name\":\"Transformer votre vie - Ignite Human Potential - Maryl\u00e8ne Ayotte\",\"isPartOf\":{\"@id\":\"https:\/\/ignitehumanpotential.coach\/fr\/#website\"},\"primaryImageOfPage\":{\"@id\":\"https:\/\/ignitehumanpotential.coach\/fr\/services-individuels\/transformer-votre-vie\/#primaryimage\"},\"image\":{\"@id\":\"https:\/\/ignitehumanpotential.coach\/fr\/services-individuels\/transformer-votre-vie\/#primaryimage\"},\"thumbnailUrl\":\"https:\/\/ignitehumanpotential.coach\/wp-content\/uploads\/2020\/01\/programs-background-merged.jpg\",\"datePublished\":\"2019-11-12T22:08:09+00:00\",\"dateModified\":\"2020-11-18T18:23:55+00:00\",\"breadcrumb\":{\"@id\":\"https:\/\/ignitehumanpotential.coach\/fr\/services-individuels\/transformer-votre-vie\/#breadcrumb\"},\"inLanguage\":\"fr-FR\",\"potentialAction\":[{\"@type\":\"ReadAction\",\"target\":[\"https:\/\/ignitehumanpotential.coach\/fr\/services-individuels\/transformer-votre-vie\/\"]}]},{\"@type\":\"ImageObject\",\"inLanguage\":\"fr-FR\",\"@id\":\"https:\/\/ignitehumanpotential.coach\/fr\/services-individuels\/transformer-votre-vie\/#primaryimage\",\"url\":\"https:\/\/ignitehumanpotential.coach\/wp-content\/uploads\/2020\/01\/programs-background-merged.jpg\",\"contentUrl\":\"https:\/\/ignitehumanpotential.coach\/wp-content\/uploads\/2020\/01\/programs-background-merged.jpg\",\"width\":1920,\"height\":900},{\"@type\":\"BreadcrumbList\",\"@id\":\"https:\/\/ignitehumanpotential.coach\/fr\/services-individuels\/transformer-votre-vie\/#breadcrumb\",\"itemListElement\":[{\"@type\":\"ListItem\",\"position\":1,\"name\":\"Home\",\"item\":\"https:\/\/ignitehumanpotential.coach\/fr\/\"},{\"@type\":\"ListItem\",\"position\":2,\"name\":\"Services individuels\",\"item\":\"https:\/\/ignitehumanpotential.coach\/fr\/services-individuels\/\"},{\"@type\":\"ListItem\",\"position\":3,\"name\":\"Transformer votre vie\"}]},{\"@type\":\"WebSite\",\"@id\":\"https:\/\/ignitehumanpotential.coach\/fr\/#website\",\"url\":\"https:\/\/ignitehumanpotential.coach\/fr\/\",\"name\":\"Ignite Human Potential - Maryl\u00e8ne Ayotte\",\"description\":\"\",\"publisher\":{\"@id\":\"https:\/\/ignitehumanpotential.coach\/fr\/#organization\"},\"potentialAction\":[{\"@type\":\"SearchAction\",\"target\":{\"@type\":\"EntryPoint\",\"urlTemplate\":\"https:\/\/ignitehumanpotential.coach\/fr\/?s={search_term_string}\"},\"query-input\":{\"@type\":\"PropertyValueSpecification\",\"valueRequired\":true,\"valueName\":\"search_term_string\"}}],\"inLanguage\":\"fr-FR\"},{\"@type\":\"Organization\",\"@id\":\"https:\/\/ignitehumanpotential.coach\/fr\/#organization\",\"name\":\"Ignite Human Potential - Maryl\u00e8ne Ayotte\",\"url\":\"https:\/\/ignitehumanpotential.coach\/fr\/\",\"logo\":{\"@type\":\"ImageObject\",\"inLanguage\":\"fr-FR\",\"@id\":\"https:\/\/ignitehumanpotential.coach\/fr\/#\/schema\/logo\/image\/\",\"url\":\"https:\/\/ignitehumanpotential.coach\/wp-content\/uploads\/2020\/02\/MAAlogoHIRES.png\",\"contentUrl\":\"https:\/\/ignitehumanpotential.coach\/wp-content\/uploads\/2020\/02\/MAAlogoHIRES.png\",\"width\":3179,\"height\":769,\"caption\":\"Ignite Human Potential - Maryl\u00e8ne Ayotte\"},\"image\":{\"@id\":\"https:\/\/ignitehumanpotential.coach\/fr\/#\/schema\/logo\/image\/\"}}]}<\/script>\n<!-- \/ Yoast SEO plugin. -->","yoast_head_json":{"title":"Transformer votre vie - Ignite Human Potential - Maryl\u00e8ne Ayotte","robots":{"index":"index","follow":"follow","max-snippet":"max-snippet:-1","max-image-preview":"max-image-preview:large","max-video-preview":"max-video-preview:-1"},"canonical":"https:\/\/ignitehumanpotential.coach\/fr\/services-individuels\/transformer-votre-vie\/","og_locale":"fr_FR","og_type":"article","og_title":"Transformer votre vie - Ignite Human Potential - Maryl\u00e8ne Ayotte","og_description":"Transformer votre vie \u00ab Celui qui dirige les autres est peut-\u00eatre puissant, mais celui qui s&#8217;est ma\u00eetris\u00e9 lui-m\u00eame a encore plus de pouvoir. \u00bb\u2014LAO TZU 1ER Mois\u27f6DERNIER MOIS Janvier \u2014 Juin CURRICULUM ABR\u00c9G\u00c9\u27f6 Ce programme de d\u00e9veloppement unique et puissant de 24 semaines offre un soutien essentiel pour manifester vos r\u00eaves en ma\u00eetrisant 6 domaines [&hellip;]","og_url":"https:\/\/ignitehumanpotential.coach\/fr\/services-individuels\/transformer-votre-vie\/","og_site_name":"Ignite Human Potential - Maryl\u00e8ne Ayotte","article_modified_time":"2020-11-18T18:23:55+00:00","og_image":[{"width":1920,"height":900,"url":"https:\/\/ignitehumanpotential.coach\/wp-content\/uploads\/2020\/01\/programs-background-merged.jpg","type":"image\/jpeg"}],"twitter_card":"summary_large_image","schema":{"@context":"https:\/\/schema.org","@graph":[{"@type":"WebPage","@id":"https:\/\/ignitehumanpotential.coach\/fr\/services-individuels\/transformer-votre-vie\/","url":"https:\/\/ignitehumanpotential.coach\/fr\/services-individuels\/transformer-votre-vie\/","name":"Transformer votre vie - Ignite Human Potential - Maryl\u00e8ne Ayotte","isPartOf":{"@id":"https:\/\/ignitehumanpotential.coach\/fr\/#website"},"primaryImageOfPage":{"@id":"https:\/\/ignitehumanpotential.coach\/fr\/services-individuels\/transformer-votre-vie\/#primaryimage"},"image":{"@id":"https:\/\/ignitehumanpotential.coach\/fr\/services-individuels\/transformer-votre-vie\/#primaryimage"},"thumbnailUrl":"https:\/\/ignitehumanpotential.coach\/wp-content\/uploads\/2020\/01\/programs-background-merged.jpg","datePublished":"2019-11-12T22:08:09+00:00","dateModified":"2020-11-18T18:23:55+00:00","breadcrumb":{"@id":"https:\/\/ignitehumanpotential.coach\/fr\/services-individuels\/transformer-votre-vie\/#breadcrumb"},"inLanguage":"fr-FR","potentialAction":[{"@type":"ReadAction","target":["https:\/\/ignitehumanpotential.coach\/fr\/services-individuels\/transformer-votre-vie\/"]}]},{"@type":"ImageObject","inLanguage":"fr-FR","@id":"https:\/\/ignitehumanpotential.coach\/fr\/services-individuels\/transformer-votre-vie\/#primaryimage","url":"https:\/\/ignitehumanpotential.coach\/wp-content\/uploads\/2020\/01\/programs-background-merged.jpg","contentUrl":"https:\/\/ignitehumanpotential.coach\/wp-content\/uploads\/2020\/01\/programs-background-merged.jpg","width":1920,"height":900},{"@type":"BreadcrumbList","@id":"https:\/\/ignitehumanpotential.coach\/fr\/services-individuels\/transformer-votre-vie\/#breadcrumb","itemListElement":[{"@type":"ListItem","position":1,"name":"Home","item":"https:\/\/ignitehumanpotential.coach\/fr\/"},{"@type":"ListItem","position":2,"name":"Services individuels","item":"https:\/\/ignitehumanpotential.coach\/fr\/services-individuels\/"},{"@type":"ListItem","position":3,"name":"Transformer votre vie"}]},{"@type":"WebSite","@id":"https:\/\/ignitehumanpotential.coach\/fr\/#website","url":"https:\/\/ignitehumanpotential.coach\/fr\/","name":"Ignite Human Potential - Maryl\u00e8ne Ayotte","description":"","publisher":{"@id":"https:\/\/ignitehumanpotential.coach\/fr\/#organization"},"potentialAction":[{"@type":"SearchAction","target":{"@type":"EntryPoint","urlTemplate":"https:\/\/ignitehumanpotential.coach\/fr\/?s={search_term_string}"},"query-input":{"@type":"PropertyValueSpecification","valueRequired":true,"valueName":"search_term_string"}}],"inLanguage":"fr-FR"},{"@type":"Organization","@id":"https:\/\/ignitehumanpotential.coach\/fr\/#organization","name":"Ignite Human Potential - Maryl\u00e8ne Ayotte","url":"https:\/\/ignitehumanpotential.coach\/fr\/","logo":{"@type":"ImageObject","inLanguage":"fr-FR","@id":"https:\/\/ignitehumanpotential.coach\/fr\/#\/schema\/logo\/image\/","url":"https:\/\/ignitehumanpotential.coach\/wp-content\/uploads\/2020\/02\/MAAlogoHIRES.png","contentUrl":"https:\/\/ignitehumanpotential.coach\/wp-content\/uploads\/2020\/02\/MAAlogoHIRES.png","width":3179,"height":769,"caption":"Ignite Human Potential - Maryl\u00e8ne Ayotte"},"image":{"@id":"https:\/\/ignitehumanpotential.coach\/fr\/#\/schema\/logo\/image\/"}}]}},"_links":{"self":[{"href":"https:\/\/ignitehumanpotential.coach\/fr\/wp-json\/wp\/v2\/pages\/69","targetHints":{"allow":["GET"]}}],"collection":[{"href":"https:\/\/ignitehumanpotential.coach\/fr\/wp-json\/wp\/v2\/pages"}],"about":[{"href":"https:\/\/ignitehumanpotential.coach\/fr\/wp-json\/wp\/v2\/types\/page"}],"author":[{"embeddable":true,"href":"https:\/\/ignitehumanpotential.coach\/fr\/wp-json\/wp\/v2\/users\/3"}],"replies":[{"embeddable":true,"href":"https:\/\/ignitehumanpotential.coach\/fr\/wp-json\/wp\/v2\/comments?post=69"}],"version-history":[{"count":0,"href":"https:\/\/ignitehumanpotential.coach\/fr\/wp-json\/wp\/v2\/pages\/69\/revisions"}],"up":[{"embeddable":true,"href":"https:\/\/ignitehumanpotential.coach\/fr\/wp-json\/wp\/v2\/pages\/53"}],"wp:featuredmedia":[{"embeddable":true,"href":"https:\/\/ignitehumanpotential.coach\/fr\/wp-json\/wp\/v2\/media\/356"}],"wp:attachment":[{"href":"https:\/\/ignitehumanpotential.coach\/fr\/wp-json\/wp\/v2\/media?parent=69"}],"curies":[{"name":"wp","href":"https:\/\/api.w.org\/{rel}","templated":true}]}}